{"id":1190,"date":"2025-12-21T02:24:13","date_gmt":"2025-12-21T02:24:13","guid":{"rendered":"https:\/\/kopack.site\/?page_id=1190"},"modified":"2025-12-21T10:50:37","modified_gmt":"2025-12-21T10:50:37","slug":"giai-phap-bao-bi-ben-vung","status":"publish","type":"page","link":"https:\/\/kopack.site\/?page_id=1190","title":{"rendered":"Gi\u1ea3i Ph\u00e1p Bao B\u00ec B\u1ec1n V\u1eefng"},"content":{"rendered":"\n\n  <div class=\"banner has-hover\" id=\"banner-265397750\">\n          <div class=\"banner-inner fill\">\n        <div class=\"banner-bg fill\" >\n            <div class=\"bg fill bg-fill \"><\/div>\n                        <div class=\"overlay\"><\/div>            \n                    <\/div>\n\t\t\n        <div class=\"banner-layers container\">\n            <div class=\"fill banner-link\"><\/div>            \n\n   <div id=\"text-box-2057498288\" class=\"text-box banner-layer x50 md-x50 lg-x50 y50 md-y50 lg-y50 res-text\">\n                     <div data-animate=\"fadeInUp\">           <div class=\"text-box-content text dark\">\n              \n              <div class=\"text-inner text-center\">\n                  \n\n\t<div id=\"text-1902592707\" class=\"text\">\n\t\t\n\n<h3 class=\"uppercase\"><span style=\"color: #993300;\"><strong>Chuy\u1ec3n \u0110\u1ed5i Xanh C\u00f9ng Ko&#8217;pack.<\/strong><\/span><\/h3>\n<p><span style=\"font-size: 100%;\">Cam k\u1ebft v\u1eadt li\u1ec7u t\u00e1i ch\u1ebf, t\u1ef1 h\u1ee7y v\u00e0 t\u1ed1i \u01b0u thi\u1ebft k\u1ebf \u0111\u1ec3 b\u1ea3o v\u1ec7 h\u00e0nh tinh v\u00e0 th\u01b0\u01a1ng hi\u1ec7u c\u1ee7a b\u1ea1n.<\/span><\/p>\n\t\t\n<style>\n#text-1902592707 {\n  font-size: 1.15rem;\n  color: rgb(0,0,0);\n}\n#text-1902592707 > * {\n  color: rgb(0,0,0);\n}\n<\/style>\n\t<\/div>\n\t\n<a href=\"https:\/\/kopack.site\/?page_id=375\" class=\"button alert is-outline\"  >\n    <span>Nh\u1eadn T\u01b0 V\u1ea5n Mi\u1ec5n Ph\u00ed<\/span>\n  <\/a>\n\n\n\n              <\/div>\n           <\/div>\n       <\/div>                     \n<style>\n#text-box-2057498288 .text-box-content {\n  background-color: rgba(255, 249, 249, 0.628);\n  border-radius: 63px;\n  font-size: 100%;\n}\n#text-box-2057498288 .text-inner {\n  padding: 30px 30px 30px 30px;\n}\n#text-box-2057498288 {\n  width: 60%;\n}\n<\/style>\n    <\/div>\n \n\n        <\/div>\n      <\/div>\n\n            \n<style>\n#banner-265397750 {\n  padding-top: 500px;\n}\n#banner-265397750 .bg.bg-loaded {\n  background-image: url(https:\/\/kopack.site\/wp-content\/uploads\/2025\/12\/rec-pack.png);\n}\n#banner-265397750 .overlay {\n  background-color: rgba(0, 0, 0, 0.17);\n}\n<\/style>\n  <\/div>\n\n\n\t<div id=\"gap-290093613\" class=\"gap-element clearfix\" style=\"display:block; height:auto;\">\n\t\t\n<style>\n#gap-290093613 {\n  padding-top: 30px;\n}\n<\/style>\n\t<\/div>\n\t\n\n<div class=\"container section-title-container\" ><h2 class=\"section-title section-title-normal\"><b><\/b><span class=\"section-title-main\" >T\u1ea1i Sao Bao B\u00ec B\u1ec1n V\u1eefng L\u00e0 \u0110i\u1ec1u B\u1eaft Bu\u1ed9c cho Doanh Nghi\u1ec7p 2026?<\/span><b><\/b><\/h2><\/div>\n\n<div class=\"row\"  id=\"row-883883244\">\n\n\n\t<div id=\"col-533092836\" class=\"col medium-6 small-12 large-6\"  >\n\t\t\t\t<div class=\"col-inner\"  >\n\t\t\t\n\t\t\t\n\n\t<div class=\"img has-hover x md-x lg-x y md-y lg-y\" id=\"image_1342280120\">\n\t\t\t\t\t\t\t\t<div class=\"img-inner dark\" >\n\t\t\t<img loading=\"lazy\" decoding=\"async\" width=\"800\" height=\"314\" src=\"https:\/\/kopack.site\/wp-content\/uploads\/2025\/12\/ko-11-800x314.png\" class=\"attachment-medium size-medium\" alt=\"\" srcset=\"https:\/\/kopack.site\/wp-content\/uploads\/2025\/12\/ko-11-800x314.png 800w, https:\/\/kopack.site\/wp-content\/uploads\/2025\/12\/ko-11-510x200.png 510w, https:\/\/kopack.site\/wp-content\/uploads\/2025\/12\/ko-11-1400x549.png 1400w, https:\/\/kopack.site\/wp-content\/uploads\/2025\/12\/ko-11-768x301.png 768w, https:\/\/kopack.site\/wp-content\/uploads\/2025\/12\/ko-11-1536x602.png 1536w, https:\/\/kopack.site\/wp-content\/uploads\/2025\/12\/ko-11.png 1632w\" sizes=\"auto, (max-width: 800px) 100vw, 800px\" \/>\t\t\t\t\t\t\n\t\t\t\t\t<\/div>\n\t\t\t\t\t\t\t\t\n<style>\n#image_1342280120 {\n  width: 100%;\n}\n<\/style>\n\t<\/div>\n\t\n\n\n\t\t<\/div>\n\t\t\t\t\t<\/div>\n\n\t\n\n\t<div id=\"col-1167706515\" class=\"col medium-6 small-12 large-6\"  >\n\t\t\t\t<div class=\"col-inner\"  >\n\t\t\t\n\t\t\t\n\n\t<div id=\"text-4133784510\" class=\"text\">\n\t\t\n\n<ul>\n<li>\n<h3><span style=\"color: #003300;\">Ti\u00eau chu\u1ea9n xu\u1ea5t kh\u1ea9u<\/span><\/h3>\n<\/li>\n<li>\n<h3><span style=\"color: #003300;\">\u00c1p l\u1ef1c ng\u01b0\u1eddi ti\u00eau d\u00f9ng<\/span><\/h3>\n<\/li>\n<li>\n<h3><span style=\"color: #003300;\">T\u1ed1i \u01b0u ESG<\/span><\/h3>\n<\/li>\n<\/ul>\n\t\t\n<style>\n#text-4133784510 {\n  text-align: left;\n  color: rgb(0, 0, 0);\n}\n#text-4133784510 > * {\n  color: rgb(0, 0, 0);\n}\n<\/style>\n\t<\/div>\n\t\n\n\t\t<\/div>\n\t\t\t\t\t<\/div>\n\n\t\n\n<\/div>\n<div class=\"container section-title-container\" ><h2 class=\"section-title section-title-normal\"><b><\/b><span class=\"section-title-main\" >Gi\u1ea3i Ph\u00e1p Bao B\u00ec Xanh T\u1eeb Ko'pack<\/span><b><\/b><\/h2><\/div>\n\n\t<section class=\"section\" id=\"section_572544827\">\n\t\t<div class=\"bg section-bg fill bg-fill  bg-loaded\" >\n\n\t\t\t\n\t\t\t\n\t\t\t\n\n\t\t<\/div>\n\n\t\t\n\n\t\t<div class=\"section-content relative\">\n\t\t\t\n\n<div class=\"row row-collapse row-full-width align-middle\"  id=\"row-1124032893\">\n\n\n\t<div id=\"col-1807777295\" class=\"col medium-12 small-12 large-6\"  >\n\t\t\t\t<div class=\"col-inner\"  >\n\t\t\t\n\t\t\t\n\n<div class=\"row\"  id=\"row-183008191\">\n\n\n\t<div id=\"col-1563017761\" class=\"col medium-12 small-12 large-11\"  >\n\t\t\t\t<div class=\"col-inner\"  >\n\t\t\t\n\t\t\t\n\n\t<div id=\"text-2192466687\" class=\"text\">\n\t\t\n\n<h4>1. V\u1eadt Li\u1ec7u Ti\u00ean Phong<\/h4>\n\t\t\n<style>\n#text-2192466687 {\n  font-size: 1.25rem;\n}\n<\/style>\n\t<\/div>\n\t\n<h4>Bao b\u00ec t\u00e1i ch\u1ebf<\/h4>\n<p>H\u1ed9p carton s\u00f3ng, gi\u1ea5y kraft t\u1eeb ngu\u1ed3n t\u00e1i ch\u1ebf.<\/p>\n<h4>\u00a0Bao B\u00ec T\u1ef1 H\u1ee7y<\/h4>\n<p>Gi\u1ea3i ph\u00e1p cho F&amp;B, v\u1eadt li\u1ec7u ph\u00e2n h\u1ee7y ho\u00e0n to\u00e0n.<\/p>\n\n\t\t<\/div>\n\t\t\t\t\t<\/div>\n\n\t\n\n<\/div>\n\n\t\t<\/div>\n\t\t\t\t\n<style>\n#col-1807777295 > .col-inner {\n  padding: 30px 30px 30px 30px;\n}\n@media (min-width:850px) {\n  #col-1807777295 > .col-inner {\n    padding: 0px 0px 0px 15%;\n  }\n}\n<\/style>\n\t<\/div>\n\n\t\n\n\t<div id=\"col-558635061\" class=\"col medium-12 small-12 large-6 medium-col-first\"  >\n\t\t\t\t<div class=\"col-inner\"  >\n\t\t\t\n\t\t\t\n\n\t<div class=\"img has-hover x md-x lg-x y md-y lg-y\" id=\"image_320803549\">\n\t\t\t\t\t\t\t\t<div class=\"img-inner dark\" >\n\t\t\t<img loading=\"lazy\" decoding=\"async\" width=\"768\" height=\"480\" src=\"https:\/\/kopack.site\/wp-content\/uploads\/2025\/12\/hop-tai-che-768x480.png\" class=\"attachment-medium_large size-medium_large\" alt=\"\" srcset=\"https:\/\/kopack.site\/wp-content\/uploads\/2025\/12\/hop-tai-che-768x480.png 768w, https:\/\/kopack.site\/wp-content\/uploads\/2025\/12\/hop-tai-che-510x319.png 510w, https:\/\/kopack.site\/wp-content\/uploads\/2025\/12\/hop-tai-che-640x400.png 640w, https:\/\/kopack.site\/wp-content\/uploads\/2025\/12\/hop-tai-che.png 1280w\" sizes=\"auto, (max-width: 768px) 100vw, 768px\" \/>\t\t\t\t\t\t\n\t\t\t\t\t<\/div>\n\t\t\t\t\t\t\t\t\n<style>\n#image_320803549 {\n  width: 70%;\n}\n<\/style>\n\t<\/div>\n\t\n\n\n\t\t<\/div>\n\t\t\t\t\t<\/div>\n\n\t\n\n<\/div>\n\n\t\t<\/div>\n\n\t\t\n<style>\n#section_572544827 {\n  padding-top: 0px;\n  padding-bottom: 0px;\n}\n<\/style>\n\t<\/section>\n\t\n\t<section class=\"section\" id=\"section_279178281\">\n\t\t<div class=\"bg section-bg fill bg-fill  bg-loaded\" >\n\n\t\t\t\n\t\t\t\n\t\t\t\n\n\t\t<\/div>\n\n\t\t\n\n\t\t<div class=\"section-content relative\">\n\t\t\t\n\n<div class=\"row row-collapse row-full-width align-middle\"  id=\"row-287093187\">\n\n\n\t<div id=\"col-1291974817\" class=\"col medium-12 small-12 large-6\"  >\n\t\t\t\t<div class=\"col-inner\"  >\n\t\t\t\n\t\t\t\n\n<div class=\"row\"  id=\"row-490453412\">\n\n\n\t<div id=\"col-1375433545\" class=\"col medium-12 small-12 large-11\"  >\n\t\t\t\t<div class=\"col-inner\"  >\n\t\t\t\n\t\t\t\n\n\t<div id=\"text-182564891\" class=\"text\">\n\t\t\n\n<h4>2. Ch\u1ee9ng Nh\u1eadn &amp; Tu\u00e2n Th\u1ee7<\/h4>\n\t\t\n<style>\n#text-182564891 {\n  font-size: 1.25rem;\n}\n<\/style>\n\t<\/div>\n\t\n<h4>\u0110\u1ea3m B\u1ea3o Ti\u00eau Chu\u1ea9n Qu\u1ed1c T\u1ebf v\u00e0 Ch\u1ee9ng Nh\u1eadn FSC<\/h4>\n<p>T\u01b0 v\u1ea5n v\u00e0 cung c\u1ea5p bao b\u00ec \u0111\u1ea1t chu\u1ea9n <b>FSC. Tu\u00e2n th\u1ee7 quy \u0111\u1ecbnh m\u00f4i tr\u01b0\u1eddng th\u1ecb tr\u01b0\u1eddng EU, B\u1eafc M\u1ef9.<\/b><\/p>\n\n\t\t<\/div>\n\t\t\t\t\t<\/div>\n\n\t\n\n<\/div>\n\n\t\t<\/div>\n\t\t\t\t\n<style>\n#col-1291974817 > .col-inner {\n  padding: 30px 30px 30px 30px;\n}\n@media (min-width:850px) {\n  #col-1291974817 > .col-inner {\n    padding: 0px 0px 0px 15%;\n  }\n}\n<\/style>\n\t<\/div>\n\n\t\n\n\t<div id=\"col-835320884\" class=\"col medium-12 small-12 large-6 medium-col-first\"  >\n\t\t\t\t<div class=\"col-inner\"  >\n\t\t\t\n\t\t\t\n\n\t<div class=\"img has-hover x md-x lg-x y md-y lg-y\" id=\"image_214260936\">\n\t\t\t\t\t\t\t\t<div class=\"img-inner dark\" >\n\t\t\t<img loading=\"lazy\" decoding=\"async\" width=\"623\" height=\"332\" src=\"https:\/\/kopack.site\/wp-content\/uploads\/2025\/12\/nhan-fsc.jpg\" class=\"attachment-medium_large size-medium_large\" alt=\"\" srcset=\"https:\/\/kopack.site\/wp-content\/uploads\/2025\/12\/nhan-fsc.jpg 623w, https:\/\/kopack.site\/wp-content\/uploads\/2025\/12\/nhan-fsc-510x272.jpg 510w\" sizes=\"auto, (max-width: 623px) 100vw, 623px\" \/>\t\t\t\t\t\t\n\t\t\t\t\t<\/div>\n\t\t\t\t\t\t\t\t\n<style>\n#image_214260936 {\n  width: 70%;\n}\n<\/style>\n\t<\/div>\n\t\n\n\n\t\t<\/div>\n\t\t\t\t\t<\/div>\n\n\t\n\n<\/div>\n\n\t\t<\/div>\n\n\t\t\n<style>\n#section_279178281 {\n  padding-top: 0px;\n  padding-bottom: 0px;\n}\n<\/style>\n\t<\/section>\n\t\n\t<section class=\"section\" id=\"section_1570164527\">\n\t\t<div class=\"bg section-bg fill bg-fill  bg-loaded\" >\n\n\t\t\t\n\t\t\t\n\t\t\t\n\n\t\t<\/div>\n\n\t\t\n\n\t\t<div class=\"section-content relative\">\n\t\t\t\n\n<div class=\"row row-collapse row-full-width align-middle\"  id=\"row-1510457030\">\n\n\n\t<div id=\"col-164413017\" class=\"col medium-12 small-12 large-6\"  >\n\t\t\t\t<div class=\"col-inner\"  >\n\t\t\t\n\t\t\t\n\n<div class=\"row\"  id=\"row-16133354\">\n\n\n\t<div id=\"col-2094379298\" class=\"col medium-12 small-12 large-11\"  >\n\t\t\t\t<div class=\"col-inner\"  >\n\t\t\t\n\t\t\t\n\n\t<div id=\"text-2380737972\" class=\"text\">\n\t\t\n\n<h4>3. T\u1ed1i \u01afu V\u1eadt Li\u1ec7u &amp; Chi Ph\u00ed<\/h4>\n\t\t\n<style>\n#text-2380737972 {\n  font-size: 1.25rem;\n}\n<\/style>\n\t<\/div>\n\t\n<h4>Thi\u1ebft K\u1ebf Gi\u1ea3m Thi\u1ec3u V\u1eadt Li\u1ec7u, T\u1ed1i \u0110a Hi\u1ec7u Su\u1ea5t.<\/h4>\n<p>Thi\u1ebft k\u1ebf lightweight, gi\u1ea3m thi\u1ec3u kh\u00f4ng gian \u0111\u00f3ng g\u00f3i. Thay th\u1ebf nh\u1ef1a b\u1eb1ng ch\u00e8n l\u00f3t gi\u1ea5y t\u1ed5 ong v\u00e0 \u0111\u1ec7m gi\u1ea5y.<\/p>\n\n\t\t<\/div>\n\t\t\t\t\t<\/div>\n\n\t\n\n<\/div>\n\n\t\t<\/div>\n\t\t\t\t\n<style>\n#col-164413017 > .col-inner {\n  padding: 30px 30px 30px 30px;\n}\n@media (min-width:850px) {\n  #col-164413017 > .col-inner {\n    padding: 0px 0px 0px 15%;\n  }\n}\n<\/style>\n\t<\/div>\n\n\t\n\n\t<div id=\"col-499570659\" class=\"col medium-12 small-12 large-6 medium-col-first\"  >\n\t\t\t\t<div class=\"col-inner\"  >\n\t\t\t\n\t\t\t\n\n\t<div class=\"img has-hover x md-x lg-x y md-y lg-y\" id=\"image_169134584\">\n\t\t\t\t\t\t\t\t<div class=\"img-inner dark\" >\n\t\t\t<img loading=\"lazy\" decoding=\"async\" width=\"1000\" height=\"562\" src=\"https:\/\/kopack.site\/wp-content\/uploads\/2025\/12\/set-carton.jpg\" class=\"attachment-large size-large\" alt=\"\" srcset=\"https:\/\/kopack.site\/wp-content\/uploads\/2025\/12\/set-carton.jpg 1000w, https:\/\/kopack.site\/wp-content\/uploads\/2025\/12\/set-carton-510x287.jpg 510w, https:\/\/kopack.site\/wp-content\/uploads\/2025\/12\/set-carton-712x400.jpg 712w, https:\/\/kopack.site\/wp-content\/uploads\/2025\/12\/set-carton-768x432.jpg 768w\" sizes=\"auto, (max-width: 1000px) 100vw, 1000px\" \/>\t\t\t\t\t\t\n\t\t\t\t\t<\/div>\n\t\t\t\t\t\t\t\t\n<style>\n#image_169134584 {\n  width: 70%;\n}\n<\/style>\n\t<\/div>\n\t\n\n\n\t\t<\/div>\n\t\t\t\t\t<\/div>\n\n\t\n\n<\/div>\n\n\t\t<\/div>\n\n\t\t\n<style>\n#section_1570164527 {\n  padding-top: 0px;\n  padding-bottom: 0px;\n}\n<\/style>\n\t<\/section>\n\t\n\t<section class=\"section\" id=\"section_1667883313\">\n\t\t<div class=\"bg section-bg fill bg-fill  bg-loaded\" >\n\n\t\t\t\n\t\t\t\n\t\t\t\n\n\t\t<\/div>\n\n\t\t\n\n\t\t<div class=\"section-content relative\">\n\t\t\t\n\n<div class=\"row\"  id=\"row-2031477969\">\n\n\n\t<div id=\"col-1203519109\" class=\"col small-12 large-12\"  >\n\t\t\t\t<div class=\"col-inner text-center\"  >\n\t\t\t\n\t\t\t\n\n<h2>C\u00e2u H\u1ecfi Th\u01b0\u1eddng G\u1eb7p V\u1ec1 Bao B\u00ec B\u1ec1n V\u1eefng<\/h2>\n\n\t\t<\/div>\n\t\t\t\t\t<\/div>\n\n\t\n\n<\/div>\n<div class=\"row align-center row-box-shadow-1\"  id=\"row-1299885019\">\n\n\n\t<div id=\"col-1882850442\" class=\"col medium-10 small-12 large-9\"  >\n\t\t\t\t<div class=\"col-inner\" style=\"background-color:rgb(255,255,255);\" >\n\t\t\t\n\t\t\t\n\n<div class=\"accordion\">\n\n\t<div id=\"accordion-1064865381\" class=\"accordion-item\">\n\t\t<a id=\"accordion-1064865381-label\" class=\"accordion-title plain\" href aria-expanded=\"false\" aria-controls=\"accordion-1064865381-content\" >\n\t\t\t<button class=\"toggle\" aria-label=\"Chuy\u1ec3n \u0111\u1ed5i\"><i class=\"icon-angle-down\"><\/i><\/button>\n\t\t\t<span>C\u00e2u 1: Bao b\u00ec b\u1ec1n v\u1eefng c\u00f3 \u0111\u1eaft h\u01a1n \u0111\u00e1ng k\u1ec3 so v\u1edbi bao b\u00ec truy\u1ec1n th\u1ed1ng kh\u00f4ng?<\/span>\n\t\t<\/a>\n\t\t<div id=\"accordion-1064865381-content\" class=\"accordion-inner\" aria-labelledby=\"accordion-1064865381-label\" >\n\t\t\t\n\n<p>\u0110\u00e2y l\u00e0 quan ni\u1ec7m sai l\u1ea7m ph\u1ed5 bi\u1ebfn nh\u1ea5t. Ban \u0111\u1ea7u, chi ph\u00ed v\u1eadt li\u1ec7u th\u00f4 (nh\u01b0 v\u1eadt li\u1ec7u t\u1ef1 h\u1ee7y sinh h\u1ecdc) c\u00f3 th\u1ec3 cao h\u01a1n. <b data-path-to-node=\"6\" data-index-in-node=\"126\">Tuy nhi\u00ean<\/b>, Ko&#8217;pack t\u1eadp trung v\u00e0o <b data-path-to-node=\"6\" data-index-in-node=\"159\">thi\u1ebft k\u1ebf t\u1ed1i \u01b0u v\u1eadt li\u1ec7u (lightweight design)<\/b>, gi\u00fap gi\u1ea3m t\u1ed5ng l\u01b0\u1ee3ng v\u1eadt li\u1ec7u c\u1ea7n d\u00f9ng v\u00e0 t\u1ed1i \u01b0u h\u00f3a kh\u00f4ng gian \u0111\u00f3ng g\u00f3i. Nh\u1edd \u0111\u00f3, b\u1ea1n <b data-path-to-node=\"6\" data-index-in-node=\"292\">ti\u1ebft ki\u1ec7m \u0111\u01b0\u1ee3c \u0111\u00e1ng k\u1ec3 chi ph\u00ed v\u1eadn chuy\u1ec3n v\u00e0 logistics<\/b>, c\u00e2n b\u1eb1ng l\u1ea1i t\u1ed5ng chi ph\u00ed \u0111\u00f3ng g\u00f3i cu\u1ed1i c\u00f9ng.<\/p>\n\n\t\t<\/div>\n\t<\/div>\n\t\n\t<div id=\"accordion-1399318486\" class=\"accordion-item\">\n\t\t<a id=\"accordion-1399318486-label\" class=\"accordion-title plain\" href=\"#accordion-item-accordion-panel\" aria-expanded=\"false\" aria-controls=\"accordion-1399318486-content\" >\n\t\t\t<button class=\"toggle\" aria-label=\"Chuy\u1ec3n \u0111\u1ed5i\"><i class=\"icon-angle-down\"><\/i><\/button>\n\t\t\t<span>Accordion Panel<\/span>\n\t\t<\/a>\n\t\t<div id=\"accordion-1399318486-content\" class=\"accordion-inner\" aria-labelledby=\"accordion-1399318486-label\" >\n\t\t\t\n\n<p data-path-to-node=\"8\">Ko&#8217;pack \u0111\u1ea3m b\u1ea3o t\u00ednh &#8220;Xanh&#8221; th\u00f4ng qua hai c\u00e1ch ch\u00ednh:<\/p>\n<ol start=\"1\" data-path-to-node=\"9\">\n<li>\n<p data-path-to-node=\"9,0,0\"><b data-path-to-node=\"9,0,0\" data-index-in-node=\"0\">Ngu\u1ed3n g\u1ed1c v\u1eadt li\u1ec7u:<\/b> Ch\u00fang t\u00f4i \u01b0u ti\u00ean s\u1eed d\u1ee5ng v\u1eadt li\u1ec7u c\u00f3 ch\u1ee9ng nh\u1eadn <b data-path-to-node=\"9,0,0\" data-index-in-node=\"69\">FSC<\/b> (H\u1ed9i \u0111\u1ed3ng Qu\u1ea3n l\u00fd R\u1eebng) v\u00e0 v\u1eadt li\u1ec7u t\u00e1i ch\u1ebf c\u00f3 th\u1ec3 truy xu\u1ea5t ngu\u1ed3n g\u1ed1c r\u00f5 r\u00e0ng.<\/p>\n<\/li>\n<li>\n<p data-path-to-node=\"9,1,0\"><b data-path-to-node=\"9,1,0\" data-index-in-node=\"0\">T\u01b0 v\u1ea5n Ch\u1ee9ng nh\u1eadn:<\/b> Ch\u00fang t\u00f4i h\u1ed7 tr\u1ee3 doanh nghi\u1ec7p tu\u00e2n th\u1ee7 v\u00e0 \u0111\u1ea1t c\u00e1c ti\u00eau chu\u1ea9n qu\u1ed1c t\u1ebf nh\u01b0 \u0111o l\u01b0\u1eddng h\u00e0m l\u01b0\u1ee3ng t\u00e1i ch\u1ebf v\u00e0 c\u00e1c quy \u0111\u1ecbnh v\u1ec1 m\u00f4i tr\u01b0\u1eddng c\u1ee7a th\u1ecb tr\u01b0\u1eddng nh\u1eadp kh\u1ea9u (v\u00ed d\u1ee5: Ch\u00e2u \u00c2u).<\/p>\n<\/li>\n<\/ol>\n\n\t\t<\/div>\n\t<\/div>\n\t\n\t<div id=\"accordion-2960710893\" class=\"accordion-item\">\n\t\t<a id=\"accordion-2960710893-label\" class=\"accordion-title plain\" href aria-expanded=\"false\" aria-controls=\"accordion-2960710893-content\" >\n\t\t\t<button class=\"toggle\" aria-label=\"Chuy\u1ec3n \u0111\u1ed5i\"><i class=\"icon-angle-down\"><\/i><\/button>\n\t\t\t<span>C\u00e2u 3: Bao b\u00ec B\u1ec1n v\u1eefng c\u00f3 \u0111\u1ea3m b\u1ea3o \u0111\u1ed9 b\u1ec1n v\u00e0 kh\u1ea3 n\u0103ng b\u1ea3o v\u1ec7 s\u1ea3n ph\u1ea9m khi v\u1eadn chuy\u1ec3n (\u0111\u1eb7c bi\u1ec7t cho E-commerce) kh\u00f4ng?<\/span>\n\t\t<\/a>\n\t\t<div id=\"accordion-2960710893-content\" class=\"accordion-inner\" aria-labelledby=\"accordion-2960710893-label\" >\n\t\t\t\n\n<p data-path-to-node=\"11\">Ho\u00e0n to\u00e0n c\u00f3. \u0110\u1ed9 b\u1ec1n c\u1ee7a bao b\u00ec \u0111\u01b0\u1ee3c x\u00e1c \u0111\u1ecbnh b\u1edfi c\u1ea5u tr\u00fac v\u00e0 thi\u1ebft k\u1ebf, kh\u00f4ng ch\u1ec9 v\u1eadt li\u1ec7u. Ko&#8217;pack s\u1eed d\u1ee5ng:<\/p>\n<ol start=\"1\" data-path-to-node=\"12\">\n<li>\n<p data-path-to-node=\"12,0,0\"><b data-path-to-node=\"12,0,0\" data-index-in-node=\"0\">C\u1ea5u tr\u00fac gi\u1ea5y s\u00f3ng t\u1ed1i \u01b0u:<\/b> \u0110\u1ea3m b\u1ea3o kh\u1ea3 n\u0103ng ch\u1ecbu l\u1ef1c x\u1ebfp ch\u1ed3ng v\u00e0 ch\u1ed1ng va \u0111\u1eadp.<\/p>\n<\/li>\n<li>\n<p data-path-to-node=\"12,1,0\"><b data-path-to-node=\"12,1,0\" data-index-in-node=\"0\">Gi\u1ea3i ph\u00e1p ch\u00e8n l\u00f3t th\u00f4ng minh:<\/b> S\u1eed d\u1ee5ng \u0111\u1ec7m gi\u1ea5y t\u1ed5 ong ho\u1eb7c gi\u1ea5y kraft \u0111\u1ec3 thay th\u1ebf x\u1ed1p nh\u1ef1a, \u0111\u1ea3m b\u1ea3o ch\u1ed1ng s\u1ed1c hi\u1ec7u qu\u1ea3 m\u00e0 v\u1eabn th\u00e2n thi\u1ec7n m\u00f4i tr\u01b0\u1eddng.<\/p>\n<\/li>\n<\/ol>\n\n\t\t<\/div>\n\t<\/div>\n\t\n\t<div id=\"accordion-1836967419\" class=\"accordion-item\">\n\t\t<a id=\"accordion-1836967419-label\" class=\"accordion-title plain\" href aria-expanded=\"false\" aria-controls=\"accordion-1836967419-content\" >\n\t\t\t<button class=\"toggle\" aria-label=\"Chuy\u1ec3n \u0111\u1ed5i\"><i class=\"icon-angle-down\"><\/i><\/button>\n\t\t\t<span>C\u00e2u 4: Th\u1eddi gian chuy\u1ec3n \u0111\u1ed5i t\u1eeb bao b\u00ec truy\u1ec1n th\u1ed1ng sang bao b\u00ec xanh m\u1ea5t bao l\u00e2u?<\/span>\n\t\t<\/a>\n\t\t<div id=\"accordion-1836967419-content\" class=\"accordion-inner\" aria-labelledby=\"accordion-1836967419-label\" >\n\t\t\t\n\n<p data-path-to-node=\"14\">Th\u1eddi gian chuy\u1ec3n \u0111\u1ed5i ph\u1ee5 thu\u1ed9c v\u00e0o \u0111\u1ed9 ph\u1ee9c t\u1ea1p c\u1ee7a s\u1ea3n ph\u1ea9m v\u00e0 v\u1eadt li\u1ec7u y\u00eau c\u1ea7u.<\/p>\n<ul data-path-to-node=\"15\">\n<li>\n<p data-path-to-node=\"15,0,0\">\u0110\u1ed1i v\u1edbi c\u00e1c gi\u1ea3i ph\u00e1p carton t\u00e1i ch\u1ebf ti\u00eau chu\u1ea9n, th\u1eddi gian c\u00f3 th\u1ec3 l\u00e0 <b data-path-to-node=\"15,0,0\" data-index-in-node=\"69\">2-4 tu\u1ea7n<\/b> (t\u1eeb thi\u1ebft k\u1ebf \u0111\u1ebfn s\u1ea3n xu\u1ea5t m\u1eabu).<\/p>\n<\/li>\n<li>\n<p data-path-to-node=\"15,1,0\">\u0110\u1ed1i v\u1edbi c\u00e1c v\u1eadt li\u1ec7u t\u1ef1 h\u1ee7y sinh h\u1ecdc chuy\u00ean bi\u1ec7t ho\u1eb7c y\u00eau c\u1ea7u ch\u1ee9ng nh\u1eadn ph\u1ee9c t\u1ea1p, qu\u00e1 tr\u00ecnh t\u01b0 v\u1ea5n v\u00e0 tri\u1ec3n khai c\u00f3 th\u1ec3 k\u00e9o d\u00e0i h\u01a1n, nh\u01b0ng ch\u00fang t\u00f4i cam k\u1ebft l\u1ed9 tr\u00ecnh r\u00f5 r\u00e0ng v\u00e0 nhanh ch\u00f3ng nh\u1ea5t.<\/p>\n<\/li>\n<\/ul>\n\n\t\t<\/div>\n\t<\/div>\n\t\n\t<div id=\"accordion-4144065749\" class=\"accordion-item\">\n\t\t<a id=\"accordion-4144065749-label\" class=\"accordion-title plain\" href aria-expanded=\"false\" aria-controls=\"accordion-4144065749-content\" >\n\t\t\t<button class=\"toggle\" aria-label=\"Chuy\u1ec3n \u0111\u1ed5i\"><i class=\"icon-angle-down\"><\/i><\/button>\n\t\t\t<span>C\u00e2u 5: Ko'pack c\u00f3 th\u1ec3 t\u01b0 v\u1ea5n gi\u1ea3i ph\u00e1p thay th\u1ebf nh\u1ef1a d\u00f9ng m\u1ed9t l\u1ea7n cho s\u1ea3n ph\u1ea9m F&B kh\u00f4ng?<\/span>\n\t\t<\/a>\n\t\t<div id=\"accordion-4144065749-content\" class=\"accordion-inner\" aria-labelledby=\"accordion-4144065749-label\" >\n\t\t\t\n\n<p data-path-to-node=\"17\">Ch\u1eafc ch\u1eafn r\u1ed3i. Ch\u00fang t\u00f4i c\u00f3 c\u00e1c gi\u1ea3i ph\u00e1p chuy\u00ean bi\u1ec7t \u0111\u1ec3 thay th\u1ebf nh\u1ef1a trong chu\u1ed7i cung \u1ee9ng th\u1ef1c ph\u1ea9m v\u00e0 \u0111\u1ed3 u\u1ed1ng, bao g\u1ed3m:<\/p>\n<ul data-path-to-node=\"18\">\n<li>\n<p data-path-to-node=\"18,0,0\">H\u1ed9p v\u00e0 khay \u0111\u1ef1ng d\u00f9ng m\u1ed9t l\u1ea7n t\u1eeb b\u1ed9t gi\u1ea5y, b\u00e3 m\u00eda.<\/p>\n<\/li>\n<li>\n<p data-path-to-node=\"18,1,0\">Bao b\u00ec gi\u1ea5y ch\u1ed1ng th\u1ea5m v\u00e0 ch\u1ed1ng d\u1ea7u m\u1ee1 t\u1ef1 ph\u00e2n h\u1ee7y.<\/p>\n<\/li>\n<li>\n<p data-path-to-node=\"18,2,0\">C\u00e1c v\u1eadt t\u01b0 ph\u1ee5 tr\u1ee3 (nh\u01b0 th\u00eca, n\u0129a) l\u00e0m t\u1eeb v\u1eadt li\u1ec7u th\u00e2n thi\u1ec7n m\u00f4i tr\u01b0\u1eddng.<\/p>\n<\/li>\n<\/ul>\n\n\t\t<\/div>\n\t<\/div>\n\t\n\n<\/div>\n\n\t\t<\/div>\n\t\t\t\t\t<\/div>\n\n\t\n\n\n<style>\n#row-1299885019 > .col > .col-inner {\n  padding: 0px 0px 0px 0px;\n}\n@media (min-width:550px) {\n  #row-1299885019 > .col > .col-inner {\n    padding: 30px 30px 30px 30px;\n  }\n}\n<\/style>\n<\/div>\n\n\t\t<\/div>\n\n\t\t\n<style>\n#section_1667883313 {\n  padding-top: 0px;\n  padding-bottom: 0px;\n  background-color: rgb(255,255,255);\n}\n<\/style>\n\t<\/section>\n\t\n\t<section class=\"section\" id=\"section_1638289347\">\n\t\t<div class=\"bg section-bg fill bg-fill  bg-loaded\" >\n\n\t\t\t\n\t\t\t\n\t\t\t\n\n\t\t<\/div>\n\n\t\t\n\n\t\t<div class=\"section-content relative\">\n\t\t\t\n\n<div class=\"row row-collapse align-center\"  id=\"row-1669629916\">\n\n\n\t<div id=\"col-1598089789\" class=\"col medium-10 small-11 large-8\"  >\n\t\t\t\t<div class=\"col-inner text-center\"  >\n\t\t\t\n\t\t\t\n\n<h1>B\u1ea1n c\u00f3 c\u00e2u h\u1ecfi n\u00e0o kh\u00e1c v\u1ec1 l\u1ed9 tr\u00ecnh chuy\u1ec3n \u0111\u1ed5i Bao B\u00ec Xanh kh\u00f4ng?<\/h1>\n<p class=\"lead\">\u0110\u1ec2 L\u1ea0I C\u00c2U H\u1eceI CHO CHUY\u00caN GIA C\u1ee6A KO&#8217;PACK<\/p>\n<a href=\"https:\/\/kopack.site\/?page_id=375\" class=\"button primary\"  style=\"border-radius:99px;\">\n    <span>B\u0102T \u0110\u1ea6U<\/span>\n  <\/a>\n\n\n\n\t\t<\/div>\n\t\t\t\t\t<\/div>\n\n\t\n\n<\/div>\n\n\t\t<\/div>\n\n\t\t\n<style>\n#section_1638289347 {\n  padding-top: 100px;\n  padding-bottom: 100px;\n  background-color: rgb(245, 247, 251);\n}\n@media (min-width:550px) {\n  #section_1638289347 {\n    padding-top: 80px;\n    padding-bottom: 80px;\n  }\n}\n<\/style>\n\t<\/section>\n\t\n\n","protected":false},"excerpt":{"rendered":"","protected":false},"author":1,"featured_media":0,"parent":0,"menu_order":0,"comment_status":"closed","ping_status":"closed","template":"","meta":{"footnotes":""},"class_list":["post-1190","page","type-page","status-publish","hentry"],"jetpack_sharing_enabled":true,"_links":{"self":[{"href":"https:\/\/kopack.site\/index.php?rest_route=\/wp\/v2\/pages\/1190","targetHints":{"allow":["GET"]}}],"collection":[{"href":"https:\/\/kopack.site\/index.php?rest_route=\/wp\/v2\/pages"}],"about":[{"href":"https:\/\/kopack.site\/index.php?rest_route=\/wp\/v2\/types\/page"}],"author":[{"embeddable":true,"href":"https:\/\/kopack.site\/index.php?rest_route=\/wp\/v2\/users\/1"}],"replies":[{"embeddable":true,"href":"https:\/\/kopack.site\/index.php?rest_route=%2Fwp%2Fv2%2Fcomments&post=1190"}],"version-history":[{"count":11,"href":"https:\/\/kopack.site\/index.php?rest_route=\/wp\/v2\/pages\/1190\/revisions"}],"predecessor-version":[{"id":1220,"href":"https:\/\/kopack.site\/index.php?rest_route=\/wp\/v2\/pages\/1190\/revisions\/1220"}],"wp:attachment":[{"href":"https:\/\/kopack.site\/index.php?rest_route=%2Fwp%2Fv2%2Fmedia&parent=1190"}],"curies":[{"name":"wp","href":"https:\/\/api.w.org\/{rel}","templated":true}]}}