{"id":375,"date":"2025-11-29T13:38:16","date_gmt":"2025-11-29T13:38:16","guid":{"rendered":"https:\/\/kopack.site\/?page_id=375"},"modified":"2026-03-26T21:00:44","modified_gmt":"2026-03-26T14:00:44","slug":"lien-he","status":"publish","type":"page","link":"https:\/\/kopack.site\/?page_id=375","title":{"rendered":"Li\u00ean H\u1ec7"},"content":{"rendered":"\n\t<div class=\"img has-hover x md-x lg-x y md-y lg-y\" id=\"image_1930855728\">\n\t\t\t\t\t\t\t\t<div class=\"img-inner dark\" >\n\t\t\t<img loading=\"lazy\" decoding=\"async\" width=\"1020\" height=\"433\" src=\"https:\/\/kopack.site\/wp-content\/uploads\/2026\/02\/Anh-man-hinh-2025-07-18-luc-20.43.56-1024x373-1-1400x594.png\" class=\"attachment-large size-large\" alt=\"\" srcset=\"https:\/\/kopack.site\/wp-content\/uploads\/2026\/02\/Anh-man-hinh-2025-07-18-luc-20.43.56-1024x373-1-1400x594.png 1400w, https:\/\/kopack.site\/wp-content\/uploads\/2026\/02\/Anh-man-hinh-2025-07-18-luc-20.43.56-1024x373-1-800x339.png 800w, https:\/\/kopack.site\/wp-content\/uploads\/2026\/02\/Anh-man-hinh-2025-07-18-luc-20.43.56-1024x373-1-768x326.png 768w, https:\/\/kopack.site\/wp-content\/uploads\/2026\/02\/Anh-man-hinh-2025-07-18-luc-20.43.56-1024x373-1-1536x652.png 1536w, https:\/\/kopack.site\/wp-content\/uploads\/2026\/02\/Anh-man-hinh-2025-07-18-luc-20.43.56-1024x373-1-510x216.png 510w, https:\/\/kopack.site\/wp-content\/uploads\/2026\/02\/Anh-man-hinh-2025-07-18-luc-20.43.56-1024x373-1.png 1584w\" sizes=\"auto, (max-width: 1020px) 100vw, 1020px\" \/>\t\t\t\t\t\t\n\t\t\t\t\t<\/div>\n\t\t\t\t\t\t\t\t\n<style>\n#image_1930855728 {\n  width: 100%;\n}\n<\/style>\n\t<\/div>\n\t\n\n\t<div id=\"gap-1305348612\" class=\"gap-element clearfix\" style=\"display:block; height:auto;\">\n\t\t\n<style>\n#gap-1305348612 {\n  padding-top: 30px;\n}\n<\/style>\n\t<\/div>\n\t\n\n<div class=\"row\"  id=\"row-697863910\">\n\n\n\t<div id=\"col-1315787050\" class=\"col medium-6 small-12 large-6\"  >\n\t\t\t\t<div class=\"col-inner\"  >\n\t\t\t\n\t\t\t\n\n<p>Ko\u2019Pack l\u00e0 \u0111\u01a1n v\u1ecb \u0111\u1ed3ng h\u00e0nh chuy\u00ean m\u00f4n v\u1ec1 bao b\u00ec, cung c\u1ea5p gi\u1ea3i ph\u00e1p tr\u1ecdn g\u00f3i t\u1eeb t\u01b0 v\u1ea5n k\u1ef9 thu\u1eadt, ph\u00e1t tri\u1ec3n m\u1eabu, thi\u1ebft k\u1ebf c\u1ea5u tr\u00fac \u0111\u1ebfn s\u1ea3n xu\u1ea5t v\u00e0 chu\u1ea9n h\u00f3a h\u1ed3 s\u01a1 bao b\u00ec. Ch\u00fang t\u00f4i gi\u00fap doanh nghi\u1ec7p chuy\u1ec3n h\u00f3a \u00fd t\u01b0\u1edfng th\u00e0nh gi\u1ea3i ph\u00e1p bao b\u00ec th\u1ef1c t\u1ebf, \u0111\u00fang c\u00f4ng n\u0103ng, t\u1ed1i \u01b0u chi ph\u00ed v\u00e0 \u1ed5n \u0111\u1ecbnh trong s\u1ea3n xu\u1ea5t \u2013 \u0111\u00f3ng g\u00f3i \u2013 xu\u1ea5t kh\u1ea9u.<\/p>\n<p>Phone\/Zalo:\u00a0<strong>0333.180.683<\/strong><\/p>\n<p>T\u01b0 v\u1ea5n k\u1ef9 thu\u1eadt:\u00a0<strong>0909.801.618<\/strong><\/p>\n<p><strong>Email:\u00a0kopackvietnam@gmail.com<\/strong><\/p>\n<p>VP\u0110D: 20C\/D5, D\u01b0\u01a1ng \u0110\u00ecnh C\u00fac, T\u00e2n Nh\u1ef1t, TP H\u1ed3 Ch\u00ed Minh.<\/p>\n<p>Ph\u00f2ng R&amp;D: 26 Phan Ph\u00fa Ti\u00ean, Ch\u1ee3 L\u1edbn, TP.HCM.<\/p>\n<p>Nh\u00e0 m\u00e1y s\u1ea3n xu\u1ea5t 01 (mi\u1ec1n Nam) &#8211; B\u00ecnh Ph\u01b0\u1edbc B, Ph\u01b0\u1eddng An Ph\u00fa, TP H\u1ed3 Ch\u00ed Minh.<\/p>\n<p>Nh\u00e0 m\u00e1y s\u1ea3n xu\u1ea5t 02 (mi\u1ec1n Nam) &#8211; <span style=\"color: #333333;\">T\u1ed5 03, \u1ea5p Thanh B\u00ecnh, x\u00e3 Long Th\u00e0nh, t\u1ec9nh \u0110\u1ed3ng Nai.<\/span><\/p>\n<p>Nh\u00e0 m\u00e1y s\u1ea3n xu\u1ea5t 03 (mi\u1ec1n B\u1eafc) &#8211; X\u00f3m 1- L\u1ea1c Th\u1ecb &#8211; \u0110\u1ea1i \u00c1ng &#8211; Thanh Tr\u00ec &#8211; H\u00e0 N\u1ed9i.<\/p>\n\n\t\t<\/div>\n\t\t\t\t\t<\/div>\n\n\t\n\n\t<div id=\"col-1301210086\" class=\"col medium-6 small-12 large-6\"  >\n\t\t\t\t<div class=\"col-inner\"  >\n\t\t\t\n\t\t\t\n\n\n\n\n<div class=\"wpcf7 no-js\" id=\"wpcf7-f2183-o1\" lang=\"vi\" dir=\"ltr\" data-wpcf7-id=\"2183\">\n<div class=\"screen-reader-response\"><p role=\"status\" aria-live=\"polite\" aria-atomic=\"true\"><\/p> <ul><\/ul><\/div>\n<form action=\"\/index.php?rest_route=%2Fwp%2Fv2%2Fpages%2F375#wpcf7-f2183-o1\" method=\"post\" class=\"wpcf7-form init\" aria-label=\"Form li\u00ean h\u1ec7\" novalidate=\"novalidate\" data-status=\"init\">\n<fieldset class=\"hidden-fields-container\"><input type=\"hidden\" name=\"_wpcf7\" value=\"2183\" \/><input type=\"hidden\" name=\"_wpcf7_version\" value=\"6.1.5\" \/><input type=\"hidden\" name=\"_wpcf7_locale\" value=\"vi\" \/><input type=\"hidden\" name=\"_wpcf7_unit_tag\" value=\"wpcf7-f2183-o1\" \/><input type=\"hidden\" name=\"_wpcf7_container_post\" value=\"0\" \/><input type=\"hidden\" name=\"_wpcf7_posted_data_hash\" value=\"\" \/>\n<\/fieldset>\n<p><label> T\u00ean c\u1ee7a b\u1ea1n<br \/>\n<span class=\"wpcf7-form-control-wrap\" data-name=\"your-name\"><input size=\"40\" maxlength=\"400\" class=\"wpcf7-form-control wpcf7-text wpcf7-validates-as-required\" autocomplete=\"name\" aria-required=\"true\" aria-invalid=\"false\" value=\"\" type=\"text\" name=\"your-name\" \/><\/span> <\/label>\n<\/p>\n<p><label> Email c\u1ee7a b\u1ea1n<br \/>\n<span class=\"wpcf7-form-control-wrap\" data-name=\"your-email\"><input size=\"40\" maxlength=\"400\" class=\"wpcf7-form-control wpcf7-email wpcf7-validates-as-required wpcf7-text wpcf7-validates-as-email\" autocomplete=\"email\" aria-required=\"true\" aria-invalid=\"false\" value=\"\" type=\"email\" name=\"your-email\" \/><\/span> <\/label>\n<\/p>\n<p><label> Ti\u00eau \u0111\u1ec1:<br \/>\n<span class=\"wpcf7-form-control-wrap\" data-name=\"your-subject\"><input size=\"40\" maxlength=\"400\" class=\"wpcf7-form-control wpcf7-text wpcf7-validates-as-required\" aria-required=\"true\" aria-invalid=\"false\" value=\"\" type=\"text\" name=\"your-subject\" \/><\/span> <\/label>\n<\/p>\n<p><label> Tin nh\u1eafn c\u1ee7a b\u1ea1n (kh\u00f4ng b\u1eaft bu\u1ed9c)<br \/>\n<span class=\"wpcf7-form-control-wrap\" data-name=\"your-message\"><textarea cols=\"40\" rows=\"10\" maxlength=\"2000\" class=\"wpcf7-form-control wpcf7-textarea\" aria-invalid=\"false\" name=\"your-message\"><\/textarea><\/span> <\/label>\n<\/p>\n<p><input class=\"wpcf7-form-control wpcf7-submit has-spinner\" type=\"submit\" value=\"G\u1eedi\" \/>\n<\/p><div class=\"wpcf7-response-output\" aria-hidden=\"true\"><\/div>\n<\/form>\n<\/div>\n\n\n\n\t\t<\/div>\n\t\t\t\t\t<\/div>\n\n\t\n\n<\/div>\n\n","protected":false},"excerpt":{"rendered":"","protected":false},"author":1,"featured_media":0,"parent":0,"menu_order":0,"comment_status":"closed","ping_status":"closed","template":"","meta":{"footnotes":""},"class_list":["post-375","page","type-page","status-publish","hentry"],"jetpack_sharing_enabled":true,"_links":{"self":[{"href":"https:\/\/kopack.site\/index.php?rest_route=\/wp\/v2\/pages\/375","targetHints":{"allow":["GET"]}}],"collection":[{"href":"https:\/\/kopack.site\/index.php?rest_route=\/wp\/v2\/pages"}],"about":[{"href":"https:\/\/kopack.site\/index.php?rest_route=\/wp\/v2\/types\/page"}],"author":[{"embeddable":true,"href":"https:\/\/kopack.site\/index.php?rest_route=\/wp\/v2\/users\/1"}],"replies":[{"embeddable":true,"href":"https:\/\/kopack.site\/index.php?rest_route=%2Fwp%2Fv2%2Fcomments&post=375"}],"version-history":[{"count":12,"href":"https:\/\/kopack.site\/index.php?rest_route=\/wp\/v2\/pages\/375\/revisions"}],"predecessor-version":[{"id":2543,"href":"https:\/\/kopack.site\/index.php?rest_route=\/wp\/v2\/pages\/375\/revisions\/2543"}],"wp:attachment":[{"href":"https:\/\/kopack.site\/index.php?rest_route=%2Fwp%2Fv2%2Fmedia&parent=375"}],"curies":[{"name":"wp","href":"https:\/\/api.w.org\/{rel}","templated":true}]}}