{"id":1559,"date":"2026-02-05T01:21:53","date_gmt":"2026-02-05T01:21:53","guid":{"rendered":"https:\/\/kopack.site\/?post_type=product&#038;p=1559"},"modified":"2026-02-05T09:46:17","modified_gmt":"2026-02-05T09:46:17","slug":"decal-hu-kim-chi-cay","status":"publish","type":"product","link":"https:\/\/kopack.site\/?product=decal-hu-kim-chi-cay","title":{"rendered":"Decal H\u0169 Kim Chi Cay"},"content":{"rendered":"<h2 data-start=\"306\" data-end=\"380\">Decal nh\u00e3n d\u00e1n cho Kimchi \u2013 Gi\u1ea3i ph\u00e1p tem nh\u00e3n b\u1ec1n \u0111\u1eb9p, chu\u1ea9n th\u1ef1c ph\u1ea9m<\/h2>\n<p data-start=\"382\" data-end=\"618\">\u0110\u1ed1i v\u1edbi c\u00e1c s\u1ea3n ph\u1ea9m <strong data-start=\"403\" data-end=\"431\">kimchi \u0111\u00f3ng h\u0169, \u0111\u00f3ng t\u00fai<\/strong>, decal nh\u00e3n d\u00e1n kh\u00f4ng ch\u1ec9 gi\u00fap nh\u1eadn di\u1ec7n th\u01b0\u01a1ng hi\u1ec7u m\u00e0 c\u00f2n \u0111\u00f3ng vai tr\u00f2 quan tr\u1ecdng trong vi\u1ec7c <strong data-start=\"527\" data-end=\"617\">truy\u1ec1n t\u1ea3i th\u00f4ng tin s\u1ea3n ph\u1ea9m v\u00e0 \u0111\u1ea3m b\u1ea3o th\u1ea9m m\u1ef9 khi b\u1ea3o qu\u1ea3n trong m\u00f4i tr\u01b0\u1eddng \u1ea9m l\u1ea1nh<\/strong>.<\/p>\n<p data-start=\"620\" data-end=\"812\">T\u00f9y v\u00e0o ph\u00e2n kh\u00fac s\u1ea3n ph\u1ea9m v\u00e0 \u0111i\u1ec1u ki\u1ec7n s\u1eed d\u1ee5ng, kh\u00e1ch h\u00e0ng c\u00f3 th\u1ec3 l\u1ef1a ch\u1ecdn <strong data-start=\"696\" data-end=\"726\">nhi\u1ec1u lo\u1ea1i decal kh\u00e1c nhau<\/strong> \u0111\u1ec3 ph\u00f9 h\u1ee3p v\u1edbi kimchi truy\u1ec1n th\u1ed1ng, kimchi th\u1ee7 c\u00f4ng ho\u1eb7c kimchi b\u00e1n l\u1ebb chuy\u00ean nghi\u1ec7p.<\/p>\n<hr data-start=\"814\" data-end=\"817\" \/>\n<h3 data-start=\"819\" data-end=\"862\">C\u00e1c lo\u1ea1i decal ph\u1ed5 bi\u1ebfn d\u00f9ng cho kimchi<\/h3>\n<h4 data-start=\"864\" data-end=\"882\">1. Decal gi\u1ea5y<\/h4>\n<p data-start=\"884\" data-end=\"981\">Decal gi\u1ea5y l\u00e0 l\u1ef1a ch\u1ecdn kinh t\u1ebf, ph\u00f9 h\u1ee3p v\u1edbi c\u00e1c d\u00f2ng kimchi b\u00e1n nhanh ho\u1eb7c s\u1ea3n xu\u1ea5t s\u1ed1 l\u01b0\u1ee3ng nh\u1ecf.<\/p>\n<p data-start=\"983\" data-end=\"995\"><strong data-start=\"983\" data-end=\"995\">\u01afu \u0111i\u1ec3m:<\/strong><\/p>\n<ul data-start=\"996\" data-end=\"1155\">\n<li data-start=\"996\" data-end=\"1026\">\n<p data-start=\"998\" data-end=\"1026\">Chi ph\u00ed th\u1ea5p, d\u1ec5 tri\u1ec3n khai.<\/p>\n<\/li>\n<li data-start=\"1027\" data-end=\"1077\">\n<p data-start=\"1029\" data-end=\"1077\">In \u1ea5n s\u1eafc n\u00e9t, th\u1ec3 hi\u1ec7n t\u1ed1t m\u00e0u s\u1eafc v\u00e0 h\u00ecnh \u1ea3nh.<\/p>\n<\/li>\n<li data-start=\"1078\" data-end=\"1155\">\n<p data-start=\"1080\" data-end=\"1155\">Ph\u00f9 h\u1ee3p cho kimchi th\u1ee7 c\u00f4ng, b\u00e1n t\u1ea1i ch\u1ee3, c\u1eeda h\u00e0ng nh\u1ecf ho\u1eb7c tem ni\u00eam phong.<\/p>\n<\/li>\n<\/ul>\n<p data-start=\"1157\" data-end=\"1172\"><strong data-start=\"1157\" data-end=\"1172\">Nh\u01b0\u1ee3c \u0111i\u1ec3m:<\/strong><\/p>\n<ul data-start=\"1173\" data-end=\"1279\">\n<li data-start=\"1173\" data-end=\"1192\">\n<p data-start=\"1175\" data-end=\"1192\">Kh\u00f4ng ch\u1ed1ng n\u01b0\u1edbc.<\/p>\n<\/li>\n<li data-start=\"1193\" data-end=\"1279\">\n<p data-start=\"1195\" data-end=\"1279\">D\u1ec5 bong tr\u00f3c, nh\u00f2e m\u1ef1c khi ti\u1ebfp x\u00fac v\u1edbi \u0111\u1ed9 \u1ea9m, n\u01b0\u1edbc mu\u1ed1i ho\u1eb7c b\u1ea3o qu\u1ea3n trong t\u1ee7 m\u00e1t.<\/p>\n<\/li>\n<\/ul>\n<hr data-start=\"1281\" data-end=\"1284\" \/>\n<h4 data-start=\"1286\" data-end=\"1314\">2. Decal nh\u1ef1a (PP, PVC)<\/h4>\n<p data-start=\"1316\" data-end=\"1420\">Decal nh\u1ef1a l\u00e0 gi\u1ea3i ph\u00e1p t\u1ed1i \u01b0u cho <strong data-start=\"1351\" data-end=\"1419\">kimchi \u0111\u00f3ng h\u0169, kimchi xu\u1ea5t b\u00e1n si\u00eau th\u1ecb ho\u1eb7c ph\u00e2n ph\u1ed1i d\u00e0i ng\u00e0y<\/strong>.<\/p>\n<p data-start=\"1422\" data-end=\"1434\"><strong data-start=\"1422\" data-end=\"1434\">\u01afu \u0111i\u1ec3m:<\/strong><\/p>\n<ul data-start=\"1435\" data-end=\"1572\">\n<li data-start=\"1435\" data-end=\"1472\">\n<p data-start=\"1437\" data-end=\"1472\">Ch\u1ed1ng n\u01b0\u1edbc, ch\u1ed1ng \u1ea9m, b\u00e1m d\u00ednh t\u1ed1t.<\/p>\n<\/li>\n<li data-start=\"1473\" data-end=\"1509\">\n<p data-start=\"1475\" data-end=\"1509\">Kh\u00f4ng bong tr\u00f3c khi b\u1ea3o qu\u1ea3n l\u1ea1nh.<\/p>\n<\/li>\n<li data-start=\"1510\" data-end=\"1572\">\n<p data-start=\"1512\" data-end=\"1572\">Gi\u1eef m\u00e0u in \u1ed5n \u0111\u1ecbnh, t\u1ea1o c\u1ea3m gi\u00e1c chuy\u00ean nghi\u1ec7p cho s\u1ea3n ph\u1ea9m.<\/p>\n<\/li>\n<\/ul>\n<p data-start=\"1574\" data-end=\"1589\"><strong data-start=\"1574\" data-end=\"1589\">Nh\u01b0\u1ee3c \u0111i\u1ec3m:<\/strong><\/p>\n<ul data-start=\"1590\" data-end=\"1619\">\n<li data-start=\"1590\" data-end=\"1619\">\n<p data-start=\"1592\" data-end=\"1619\">Chi ph\u00ed cao h\u01a1n decal gi\u1ea5y.<\/p>\n<\/li>\n<\/ul>\n<hr data-start=\"1621\" data-end=\"1624\" \/>\n<h3 data-start=\"1626\" data-end=\"1667\">L\u01b0u \u00fd khi thi\u1ebft k\u1ebf v\u00e0 in decal kimchi<\/h3>\n<h4 data-start=\"1669\" data-end=\"1711\">1. Th\u00f4ng tin b\u1eaft bu\u1ed9c tr\u00ean tem kimchi<\/h4>\n<ul data-start=\"1712\" data-end=\"1879\">\n<li data-start=\"1712\" data-end=\"1726\">\n<p data-start=\"1714\" data-end=\"1726\">T\u00ean s\u1ea3n ph\u1ea9m<\/p>\n<\/li>\n<li data-start=\"1727\" data-end=\"1739\">\n<p data-start=\"1729\" data-end=\"1739\">Th\u00e0nh ph\u1ea7n<\/p>\n<\/li>\n<li data-start=\"1740\" data-end=\"1769\">\n<p data-start=\"1742\" data-end=\"1769\">Ng\u00e0y s\u1ea3n xu\u1ea5t \u2013 h\u1ea1n s\u1eed d\u1ee5ng<\/p>\n<\/li>\n<li data-start=\"1770\" data-end=\"1787\">\n<p data-start=\"1772\" data-end=\"1787\">Kh\u1ed1i l\u01b0\u1ee3ng t\u1ecbnh<\/p>\n<\/li>\n<li data-start=\"1788\" data-end=\"1840\">\n<p data-start=\"1790\" data-end=\"1840\">H\u01b0\u1edbng d\u1eabn b\u1ea3o qu\u1ea3n (b\u1ea3o qu\u1ea3n l\u1ea1nh, tr\u00e1nh \u00e1nh n\u1eafng)<\/p>\n<\/li>\n<li data-start=\"1841\" data-end=\"1879\">\n<p data-start=\"1843\" data-end=\"1879\">Th\u00f4ng tin \u0111\u01a1n v\u1ecb s\u1ea3n xu\u1ea5t\/ ph\u00e2n ph\u1ed1i<\/p>\n<\/li>\n<\/ul>\n<h4 data-start=\"1881\" data-end=\"1913\">2. Thi\u1ebft k\u1ebf tem nh\u00e3n kimchi<\/h4>\n<ul data-start=\"1914\" data-end=\"2107\">\n<li data-start=\"1914\" data-end=\"1969\">\n<p data-start=\"1916\" data-end=\"1969\">B\u1ed1 c\u1ee5c r\u00f5 r\u00e0ng, d\u1ec5 \u0111\u1ecdc khi d\u00e1n tr\u00ean h\u0169 ho\u1eb7c t\u00fai nh\u1ef1a.<\/p>\n<\/li>\n<li data-start=\"1970\" data-end=\"2018\">\n<p data-start=\"1972\" data-end=\"2018\">M\u00e0u s\u1eafc n\u1ed5i b\u1eadt, ph\u00f9 h\u1ee3p v\u1edbi \u0111\u1eb7c tr\u01b0ng kimchi.<\/p>\n<\/li>\n<li data-start=\"2019\" data-end=\"2107\">\n<p data-start=\"2021\" data-end=\"2107\">V\u1edbi <strong data-start=\"2025\" data-end=\"2045\">decal trong su\u1ed1t<\/strong>, c\u1ea7n ch\u1ecdn m\u1ef1c in t\u01b0\u01a1ng ph\u1ea3n \u0111\u1ec3 kh\u00f4ng b\u1ecb ch\u00ecm tr\u00ean n\u1ec1n kimchi.<\/p>\n<\/li>\n<\/ul>\n<h4 data-start=\"2109\" data-end=\"2132\">3. Gia c\u00f4ng sau in<\/h4>\n<ul data-start=\"2133\" data-end=\"2249\">\n<li data-start=\"2133\" data-end=\"2249\">\n<p data-start=\"2135\" data-end=\"2169\">N\u00ean c\u00e1n m\u00e0ng m\u1edd ho\u1eb7c m\u00e0ng b\u00f3ng \u0111\u1ec3:<\/p>\n<ul data-start=\"2172\" data-end=\"2249\">\n<li data-start=\"2172\" data-end=\"2185\">\n<p data-start=\"2174\" data-end=\"2185\">T\u0103ng \u0111\u1ed9 b\u1ec1n<\/p>\n<\/li>\n<li data-start=\"2188\" data-end=\"2210\">\n<p data-start=\"2190\" data-end=\"2210\">Ch\u1ed1ng \u1ea9m, ch\u1ed1ng tr\u1ea7y<\/p>\n<\/li>\n<li data-start=\"2213\" data-end=\"2249\">\n<p data-start=\"2215\" data-end=\"2249\">H\u1ea1n ch\u1ebf bong tem khi b\u1ea3o qu\u1ea3n l\u1ea1nh<\/p>\n<\/li>\n<\/ul>\n<\/li>\n<\/ul>\n<hr data-start=\"2251\" data-end=\"2254\" \/>\n<h3 data-start=\"2256\" data-end=\"2319\">D\u1ecbch v\u1ee5 thi\u1ebft k\u1ebf &amp; in decal kimchi theo y\u00eau c\u1ea7u t\u1ea1i KO\u2019PACK<\/h3>\n<p data-start=\"2321\" data-end=\"2381\">Kh\u00e1ch h\u00e0ng <strong data-start=\"2332\" data-end=\"2368\">ch\u1ec9 c\u1ea7n cung c\u1ea5p n\u1ed9i dung c\u1ea7n in<\/strong>, KO\u2019PACK s\u1ebd:<\/p>\n<ul data-start=\"2382\" data-end=\"2556\">\n<li data-start=\"2382\" data-end=\"2450\">\n<p data-start=\"2384\" data-end=\"2450\">T\u01b0 v\u1ea5n lo\u1ea1i decal ph\u00f9 h\u1ee3p v\u1edbi kimchi (\u0111\u00f3ng h\u0169, t\u00fai, b\u1ea3o qu\u1ea3n l\u1ea1nh)<\/p>\n<\/li>\n<li data-start=\"2451\" data-end=\"2500\">\n<p data-start=\"2453\" data-end=\"2500\">H\u1ed7 tr\u1ee3 thi\u1ebft k\u1ebf tem nh\u00e3n \u0111\u00fang c\u00f4ng n\u0103ng s\u1eed d\u1ee5ng<\/p>\n<\/li>\n<li data-start=\"2501\" data-end=\"2556\">\n<p data-start=\"2503\" data-end=\"2556\">\u0110\u1ea3m b\u1ea3o tem nh\u00e3n ph\u00f9 h\u1ee3p th\u1ef1c t\u1ebf s\u1ea3n xu\u1ea5t &amp; ph\u00e2n ph\u1ed1i<\/p>\n<\/li>\n<\/ul>\n<p data-start=\"2558\" data-end=\"2578\"><strong data-start=\"2558\" data-end=\"2578\">Li\u00ean h\u1ec7 KO\u2019PACK:<\/strong><\/p>\n<ul data-start=\"2579\" data-end=\"2649\">\n<li data-start=\"2579\" data-end=\"2609\">\n<p data-start=\"2581\" data-end=\"2609\">\ud83d\udcde Hotline: <strong data-start=\"2593\" data-end=\"2609\">0333 180 683<\/strong><\/p>\n<\/li>\n<li data-start=\"2610\" data-end=\"2649\">\n<p data-start=\"2612\" data-end=\"2649\">\u2709\ufe0f Email: <strong data-start=\"2622\" data-end=\"2649\"><a class=\"decorated-link cursor-pointer\" rel=\"noopener\" data-start=\"2624\" data-end=\"2647\">kopackvietnam@gmail.com<\/a><\/strong><\/p>\n<\/li>\n<\/ul>\n","protected":false},"excerpt":{"rendered":"<p><strong>Th\u00f4ng s\u1ed1 c\u01a1 b\u1ea3n:<\/strong><\/p>\n<ul>\n<li>C\u00e1n m\u00e0ng b\u00f3ng\/m\u00e0ng m\u1edd gi\u00fap ch\u1ed1ng n\u01b0\u1edbc, ch\u1ed1ng tr\u1ea7y x\u01b0\u1edbc, t\u0103ng \u0111\u1ed9 b\u1ec1n.<\/li>\n<li>C\u00f4ng ngh\u1ec7 in k\u1ef9 thu\u1eadt s\u1ed1 (KTS) ho\u1eb7c in offset ph\u00f9 h\u1ee3p theo s\u1ed1 l\u01b0\u1ee3ng v\u00e0 y\u00eau c\u1ea7u.<\/li>\n<li>Gia c\u00f4ng b\u1ebf tem chu\u1ea9n x\u00e1c, \u0111\u00fang khu\u00f4n ho\u1eb7c theo h\u00ecnh d\u00e1ng t\u1ef1 do t\u1eeb file thi\u1ebft k\u1ebf.<\/li>\n<\/ul>\n","protected":false},"featured_media":1622,"template":"","meta":[],"product_brand":[],"product_cat":[105],"product_tag":[],"class_list":{"0":"post-1559","1":"product","2":"type-product","3":"status-publish","4":"has-post-thumbnail","6":"product_cat-decal-giay-nhua","8":"first","9":"instock","10":"shipping-taxable","11":"product-type-simple"},"jetpack_sharing_enabled":true,"_links":{"self":[{"href":"https:\/\/kopack.site\/index.php?rest_route=\/wp\/v2\/product\/1559","targetHints":{"allow":["GET"]}}],"collection":[{"href":"https:\/\/kopack.site\/index.php?rest_route=\/wp\/v2\/product"}],"about":[{"href":"https:\/\/kopack.site\/index.php?rest_route=\/wp\/v2\/types\/product"}],"wp:featuredmedia":[{"embeddable":true,"href":"https:\/\/kopack.site\/index.php?rest_route=\/wp\/v2\/media\/1622"}],"wp:attachment":[{"href":"https:\/\/kopack.site\/index.php?rest_route=%2Fwp%2Fv2%2Fmedia&parent=1559"}],"wp:term":[{"taxonomy":"product_brand","embeddable":true,"href":"https:\/\/kopack.site\/index.php?rest_route=%2Fwp%2Fv2%2Fproduct_brand&post=1559"},{"taxonomy":"product_cat","embeddable":true,"href":"https:\/\/kopack.site\/index.php?rest_route=%2Fwp%2Fv2%2Fproduct_cat&post=1559"},{"taxonomy":"product_tag","embeddable":true,"href":"https:\/\/kopack.site\/index.php?rest_route=%2Fwp%2Fv2%2Fproduct_tag&post=1559"}],"curies":[{"name":"wp","href":"https:\/\/api.w.org\/{rel}","templated":true}]}}