{"id":1668,"date":"2026-02-05T14:14:32","date_gmt":"2026-02-05T14:14:32","guid":{"rendered":"https:\/\/kopack.site\/?post_type=product&#038;p=1668"},"modified":"2026-02-05T23:36:14","modified_gmt":"2026-02-05T23:36:14","slug":"tem-nuoc-xi-vang","status":"publish","type":"product","link":"https:\/\/kopack.site\/?product=tem-nuoc-xi-vang","title":{"rendered":"Tem n\u01b0\u1edbc  xi v\u00e0ng"},"content":{"rendered":"<h2 data-start=\"208\" data-end=\"279\">Tem n\u01b0\u1edbc hoa xi v\u00e0ng \u2013 N\u00e2ng t\u1ea7m gi\u00e1 tr\u1ecb, kh\u1eb3ng \u0111\u1ecbnh \u0111\u1eb3ng c\u1ea5p s\u1ea3n ph\u1ea9m<\/h2>\n<p data-start=\"281\" data-end=\"595\">Tem m\u1ef9 ph\u1ea9m xi v\u00e0ng kh\u00f4ng ch\u1ec9 l\u00e0 nh\u00e3n d\u00e1n th\u00f4ng tin, m\u00e0 c\u00f2n l\u00e0\u00a0<strong data-start=\"344\" data-end=\"416\">\u0111i\u1ec3m nh\u1ea5n sang tr\u1ecdng gi\u00fap s\u1ea3n ph\u1ea9m n\u1ed5i b\u1eadt ngay t\u1eeb c\u00e1i nh\u00ecn \u0111\u1ea7u ti\u00ean<\/strong>. L\u1edbp\u00a0<strong data-start=\"422\" data-end=\"441\">xi v\u00e0ng \u00e1nh kim<\/strong> mang l\u1ea1i hi\u1ec7u \u1ee9ng cao c\u1ea5p, th\u01b0\u1eddng \u0111\u01b0\u1ee3c s\u1eed d\u1ee5ng cho c\u00e1c d\u00f2ng n\u01b0\u1edbc hoa trung \u2013 cao c\u1ea5p, qu\u00e0 t\u1eb7ng, phi\u00ean b\u1ea3n gi\u1edbi h\u1ea1n ho\u1eb7c s\u1ea3n ph\u1ea9m \u0111\u1ecbnh v\u1ecb th\u01b0\u01a1ng hi\u1ec7u m\u1ea1nh.<\/p>\n<p data-start=\"597\" data-end=\"757\">Khi k\u1ebft h\u1ee3p \u0111\u00fang ch\u1ea5t li\u1ec7u v\u00e0 k\u1ef9 thu\u1eadt gia c\u00f4ng, tem xi v\u00e0ng gi\u00fap n\u01b0\u1edbc hoa\u00a0<strong data-start=\"671\" data-end=\"756\">tr\u00f4ng chuy\u00ean nghi\u1ec7p, \u0111\u00e1ng tin c\u1eady v\u00e0 c\u00f3 gi\u00e1 tr\u1ecb cao h\u01a1n trong m\u1eaft ng\u01b0\u1eddi ti\u00eau d\u00f9ng<\/strong>.<\/p>\n<hr data-start=\"759\" data-end=\"762\" \/>\n<h3 data-start=\"764\" data-end=\"799\">\u01afu \u0111i\u1ec3m c\u1ee7a tem n\u01b0\u1edbc hoa xi v\u00e0ng<\/h3>\n<ul data-start=\"801\" data-end=\"1097\">\n<li data-start=\"801\" data-end=\"846\">\n<p data-start=\"803\" data-end=\"846\">Hi\u1ec7u \u1ee9ng \u00e1nh kim sang tr\u1ecdng, b\u1eaft s\u00e1ng t\u1ed1t<\/p>\n<\/li>\n<li data-start=\"847\" data-end=\"904\">\n<p data-start=\"849\" data-end=\"904\">T\u0103ng kh\u1ea3 n\u0103ng nh\u1eadn di\u1ec7n th\u01b0\u01a1ng hi\u1ec7u tr\u00ean k\u1ec7 tr\u01b0ng b\u00e0y<\/p>\n<\/li>\n<li data-start=\"905\" data-end=\"976\">\n<p data-start=\"907\" data-end=\"976\">Ph\u00f9 h\u1ee3p v\u1edbi m\u1ef9 ph\u1ea9m cao c\u1ea5p, m\u1ef9 ph\u1ea9m handmade premium, spa \u2013 clinic<\/p>\n<\/li>\n<li data-start=\"977\" data-end=\"1035\">\n<p data-start=\"979\" data-end=\"1035\">C\u00f3 th\u1ec3 k\u1ebft h\u1ee3p nhi\u1ec1u k\u1ef9 thu\u1eadt: \u00e9p kim, d\u1eadp n\u1ed5i, ph\u1ee7 UV<\/p>\n<\/li>\n<li data-start=\"1036\" data-end=\"1097\">\n<p data-start=\"1038\" data-end=\"1097\">\u1ee8ng d\u1ee5ng t\u1ed1t tr\u00ean chai l\u1ecd nh\u1ef1a, th\u1ee7y tinh, h\u1ed9p gi\u1ea5y cao c\u1ea5p<\/p>\n<\/li>\n<\/ul>\n<hr data-start=\"1099\" data-end=\"1102\" \/>\n<h3 data-start=\"1104\" data-end=\"1154\">C\u00e1c k\u1ef9 thu\u1eadt gia c\u00f4ng ph\u1ed5 bi\u1ebfn cho tem xi v\u00e0ng<\/h3>\n<ul data-start=\"1156\" data-end=\"1417\">\n<li data-start=\"1156\" data-end=\"1225\">\n<p data-start=\"1158\" data-end=\"1225\"><strong data-start=\"1158\" data-end=\"1173\">\u00c9p kim v\u00e0ng<\/strong>: t\u1ea1o logo, t\u00ean th\u01b0\u01a1ng hi\u1ec7u ho\u1eb7c \u0111i\u1ec3m nh\u1ea5n n\u1ed5i b\u1eadt<\/p>\n<\/li>\n<li data-start=\"1226\" data-end=\"1293\">\n<p data-start=\"1228\" data-end=\"1293\"><strong data-start=\"1228\" data-end=\"1250\">D\u1eadp n\u1ed5i \/ d\u1eadp ch\u00ecm<\/strong>: t\u0103ng c\u1ea3m gi\u00e1c ch\u1ea1m, th\u1ec3 hi\u1ec7n s\u1ef1 tinh t\u1ebf<\/p>\n<\/li>\n<li data-start=\"1294\" data-end=\"1352\">\n<p data-start=\"1296\" data-end=\"1352\"><strong data-start=\"1296\" data-end=\"1318\">C\u00e1n m\u00e0ng m\u1edd \/ b\u00f3ng<\/strong>: b\u1ea3o v\u1ec7 b\u1ec1 m\u1eb7t tem, t\u0103ng \u0111\u1ed9 b\u1ec1n<\/p>\n<\/li>\n<li data-start=\"1353\" data-end=\"1417\">\n<p data-start=\"1355\" data-end=\"1417\"><strong data-start=\"1355\" data-end=\"1375\">Ph\u1ee7 UV \u0111\u1ecbnh h\u00ecnh<\/strong>: l\u00e0m n\u1ed5i b\u1eadt chi ti\u1ebft quan tr\u1ecdng tr\u00ean tem<\/p>\n<\/li>\n<\/ul>\n<hr data-start=\"1419\" data-end=\"1422\" \/>\n<h3 data-start=\"1424\" data-end=\"1472\">Th\u00f4ng tin th\u01b0\u1eddng c\u00f3 tr\u00ean tem n\u01b0\u1edbc hoa xi v\u00e0ng<\/h3>\n<ul data-start=\"1474\" data-end=\"1663\">\n<li data-start=\"1474\" data-end=\"1506\">\n<p data-start=\"1476\" data-end=\"1506\">T\u00ean s\u1ea3n ph\u1ea9m \/ d\u00f2ng s\u1ea3n ph\u1ea9m<\/p>\n<\/li>\n<li data-start=\"1507\" data-end=\"1527\">\n<p data-start=\"1509\" data-end=\"1527\">Th\u00e0nh ph\u1ea7n ch\u00ednh<\/p>\n<\/li>\n<li data-start=\"1528\" data-end=\"1554\">\n<p data-start=\"1530\" data-end=\"1554\">Dung t\u00edch \/ kh\u1ed1i l\u01b0\u1ee3ng<\/p>\n<\/li>\n<li data-start=\"1555\" data-end=\"1586\">\n<p data-start=\"1557\" data-end=\"1586\">Ng\u00e0y s\u1ea3n xu\u1ea5t \u2013 h\u1ea1n s\u1eed d\u1ee5ng<\/p>\n<\/li>\n<li data-start=\"1587\" data-end=\"1619\">\n<p data-start=\"1589\" data-end=\"1619\">H\u01b0\u1edbng d\u1eabn s\u1eed d\u1ee5ng &amp; b\u1ea3o qu\u1ea3n<\/p>\n<\/li>\n<li data-start=\"1620\" data-end=\"1663\">\n<p data-start=\"1622\" data-end=\"1663\">T\u00ean th\u01b0\u01a1ng hi\u1ec7u \/ \u0111\u01a1n v\u1ecb ch\u1ecbu tr\u00e1ch nhi\u1ec7m<\/p>\n<\/li>\n<\/ul>\n<p data-start=\"1665\" data-end=\"1775\"><img decoding=\"async\" class=\"emoji\" role=\"img\" draggable=\"false\" src=\"https:\/\/s.w.org\/images\/core\/emoji\/17.0.2\/svg\/1f449.svg\" alt=\"\ud83d\udc49\" \/>\u00a0L\u01b0u \u00fd: Tem m\u1ef9 ph\u1ea9m c\u1ea7n \u0111\u1ea3m b\u1ea3o\u00a0<strong data-start=\"1699\" data-end=\"1725\">b\u1ed1 c\u1ee5c r\u00f5 r\u00e0ng, d\u1ec5 \u0111\u1ecdc<\/strong>, kh\u00f4ng v\u00ec trang tr\u00ed m\u00e0 l\u00e0m m\u1edd th\u00f4ng tin b\u1eaft bu\u1ed9c.<\/p>\n<hr data-start=\"1777\" data-end=\"1780\" \/>\n<h3 data-start=\"1782\" data-end=\"1827\">L\u01b0u \u00fd khi s\u1eed d\u1ee5ng tem xi v\u00e0ng cho n\u01b0\u1edbc hoa<\/h3>\n<ul data-start=\"1829\" data-end=\"2090\">\n<li data-start=\"1829\" data-end=\"1877\">\n<p data-start=\"1831\" data-end=\"1877\">Lau s\u1ea1ch v\u00e0 kh\u00f4 b\u1ec1 m\u1eb7t chai\/l\u1ecd tr\u01b0\u1edbc khi d\u00e1n<\/p>\n<\/li>\n<li data-start=\"1878\" data-end=\"1932\">\n<p data-start=\"1880\" data-end=\"1932\">Tr\u00e1nh d\u00e1n l\u00ean b\u1ec1 m\u1eb7t cong g\u1eaft ho\u1eb7c c\u00f3 d\u1ea7u silicone<\/p>\n<\/li>\n<li data-start=\"1933\" data-end=\"2006\">\n<p data-start=\"1935\" data-end=\"2006\">Kh\u00f4ng \u0111\u1ec3 tem ti\u1ebfp x\u00fac tr\u1ef1c ti\u1ebfp v\u1edbi h\u00f3a ch\u1ea5t m\u1ea1nh trong th\u1eddi gian d\u00e0i<\/p>\n<\/li>\n<li data-start=\"2007\" data-end=\"2090\">\n<p data-start=\"2009\" data-end=\"2090\">B\u1ea3o qu\u1ea3n tem n\u01a1i kh\u00f4 r\u00e1o, tr\u00e1nh \u00e1nh n\u1eafng tr\u1ef1c ti\u1ebfp \u0111\u1ec3 gi\u1eef \u0111\u1ed9 s\u00e1ng c\u1ee7a l\u1edbp xi v\u00e0ng<\/p>\n<\/li>\n<\/ul>\n<hr data-start=\"2092\" data-end=\"2095\" \/>\n<h3 data-start=\"2097\" data-end=\"2163\">KO\u2019PACK \u2013 Thi\u1ebft k\u1ebf &amp; s\u1ea3n xu\u1ea5t tem m\u1ef9 ph\u1ea9m xi v\u00e0ng theo y\u00eau c\u1ea7u<\/h3>\n<p data-start=\"2165\" data-end=\"2180\">KO\u2019PACK h\u1ed7 tr\u1ee3:<\/p>\n<ul data-start=\"2181\" data-end=\"2345\">\n<li data-start=\"2181\" data-end=\"2231\">\n<p data-start=\"2183\" data-end=\"2231\">T\u01b0 v\u1ea5n ch\u1ea5t li\u1ec7u tem ph\u00f9 h\u1ee3p t\u1eebng lo\u1ea1i m\u1ef9 ph\u1ea9m<\/p>\n<\/li>\n<li data-start=\"2232\" data-end=\"2281\">\n<p data-start=\"2234\" data-end=\"2281\">Thi\u1ebft k\u1ebf tem xi v\u00e0ng \u0111\u00fang \u0111\u1ecbnh v\u1ecb th\u01b0\u01a1ng hi\u1ec7u<\/p>\n<\/li>\n<li data-start=\"2282\" data-end=\"2345\">\n<p data-start=\"2284\" data-end=\"2345\">Gia c\u00f4ng tem \u0111\u1ea1t \u0111\u1ed9 b\u1ec1n, th\u1ea9m m\u1ef9 v\u00e0 kh\u1ea3 n\u0103ng \u1ee9ng d\u1ee5ng th\u1ef1c t\u1ebf<\/p>\n<\/li>\n<\/ul>\n<p data-start=\"2347\" data-end=\"2421\"><img decoding=\"async\" class=\"emoji\" role=\"img\" draggable=\"false\" src=\"https:\/\/s.w.org\/images\/core\/emoji\/17.0.2\/svg\/1f449.svg\" alt=\"\ud83d\udc49\" \/>\u00a0Ph\u00f9 h\u1ee3p cho\u00a0<strong data-start=\"2362\" data-end=\"2420\">th\u01b0\u01a1ng hi\u1ec7u m\u1ef9 ph\u1ea9m, spa, clinic, nh\u00e0 s\u1ea3n xu\u1ea5t OEM\/ODM<\/strong>.<\/p>\n<p data-start=\"2558\" data-end=\"2578\"><strong data-start=\"2558\" data-end=\"2578\">Li\u00ean h\u1ec7 KO\u2019PACK:<\/strong><\/p>\n<ul>\n<li>\n<ul data-start=\"2579\" data-end=\"2649\">\n<li data-start=\"2579\" data-end=\"2609\">\n<p data-start=\"2581\" data-end=\"2609\"><img decoding=\"async\" class=\"emoji\" role=\"img\" draggable=\"false\" src=\"https:\/\/s.w.org\/images\/core\/emoji\/17.0.2\/svg\/1f4de.svg\" alt=\"\ud83d\udcde\" \/>\u00a0Hotline:\u00a0<strong data-start=\"2593\" data-end=\"2609\">0333 180 683<\/strong><\/p>\n<\/li>\n<li data-start=\"2610\" data-end=\"2649\">\n<p data-start=\"2612\" data-end=\"2649\"><img decoding=\"async\" class=\"emoji\" role=\"img\" draggable=\"false\" src=\"https:\/\/s.w.org\/images\/core\/emoji\/17.0.2\/svg\/2709.svg\" alt=\"\u2709\ufe0f\" \/>\u00a0Email:\u00a0<strong data-start=\"2622\" data-end=\"2649\"><a class=\"decorated-link cursor-pointer\" rel=\"noopener\" data-start=\"2624\" data-end=\"2647\">kopackvietnam@gmail.com<\/a><\/strong><\/p>\n<\/li>\n<\/ul>\n<\/li>\n<\/ul>\n","protected":false},"excerpt":{"rendered":"<p><strong>Th\u00f4ng s\u1ed1 c\u01a1 b\u1ea3n:<\/strong><\/p>\n<ul>\n<li>C\u00e1n m\u00e0ng b\u00f3ng\/m\u00e0ng m\u1edd gi\u00fap ch\u1ed1ng n\u01b0\u1edbc, ch\u1ed1ng tr\u1ea7y x\u01b0\u1edbc, t\u0103ng \u0111\u1ed9 b\u1ec1n.<\/li>\n<li>C\u00f4ng ngh\u1ec7 in k\u1ef9 thu\u1eadt s\u1ed1 (KTS) ho\u1eb7c in offset ph\u00f9 h\u1ee3p theo s\u1ed1 l\u01b0\u1ee3ng v\u00e0 y\u00eau c\u1ea7u.<\/li>\n<li>Gia c\u00f4ng b\u1ebf tem chu\u1ea9n x\u00e1c, \u0111\u00fang khu\u00f4n ho\u1eb7c theo h\u00ecnh d\u00e1ng t\u1ef1 do t\u1eeb file thi\u1ebft k\u1ebf.<\/li>\n<\/ul>\n","protected":false},"featured_media":1666,"template":"","meta":[],"product_brand":[],"product_cat":[115],"product_tag":[],"class_list":{"0":"post-1668","1":"product","2":"type-product","3":"status-publish","4":"has-post-thumbnail","6":"product_cat-decal-xi-vang","8":"first","9":"instock","10":"shipping-taxable","11":"product-type-simple"},"jetpack_sharing_enabled":true,"_links":{"self":[{"href":"https:\/\/kopack.site\/index.php?rest_route=\/wp\/v2\/product\/1668","targetHints":{"allow":["GET"]}}],"collection":[{"href":"https:\/\/kopack.site\/index.php?rest_route=\/wp\/v2\/product"}],"about":[{"href":"https:\/\/kopack.site\/index.php?rest_route=\/wp\/v2\/types\/product"}],"wp:featuredmedia":[{"embeddable":true,"href":"https:\/\/kopack.site\/index.php?rest_route=\/wp\/v2\/media\/1666"}],"wp:attachment":[{"href":"https:\/\/kopack.site\/index.php?rest_route=%2Fwp%2Fv2%2Fmedia&parent=1668"}],"wp:term":[{"taxonomy":"product_brand","embeddable":true,"href":"https:\/\/kopack.site\/index.php?rest_route=%2Fwp%2Fv2%2Fproduct_brand&post=1668"},{"taxonomy":"product_cat","embeddable":true,"href":"https:\/\/kopack.site\/index.php?rest_route=%2Fwp%2Fv2%2Fproduct_cat&post=1668"},{"taxonomy":"product_tag","embeddable":true,"href":"https:\/\/kopack.site\/index.php?rest_route=%2Fwp%2Fv2%2Fproduct_tag&post=1668"}],"curies":[{"name":"wp","href":"https:\/\/api.w.org\/{rel}","templated":true}]}}