{"id":2069,"date":"2026-02-13T07:41:05","date_gmt":"2026-02-13T07:41:05","guid":{"rendered":"https:\/\/kopack.site\/?post_type=product&#038;p=2069"},"modified":"2026-02-23T22:35:56","modified_gmt":"2026-02-23T15:35:56","slug":"in-name-card-cao-cap","status":"publish","type":"product","link":"https:\/\/kopack.site\/?product=in-name-card-cao-cap","title":{"rendered":"In Name Card Cao C\u1ea5p"},"content":{"rendered":"<h1 data-start=\"202\" data-end=\"277\"><span style=\"font-size: 100%;\">In Name Card Cao C\u1ea5p \u2013 Danh Thi\u1ebfp Sang Tr\u1ecdng, Chu\u1ea9n Nh\u1eadn Di\u1ec7n Th\u01b0\u01a1ng Hi\u1ec7u<\/span><\/h1>\n<h2 data-start=\"279\" data-end=\"309\"><span style=\"font-size: 100%;\">In Name Card Cao C\u1ea5p L\u00e0 G\u00ec?<\/span><\/h2>\n<p data-start=\"311\" data-end=\"573\"><span style=\"font-size: 100%;\">In name card cao c\u1ea5p l\u00e0 d\u1ecbch v\u1ee5 thi\u1ebft k\u1ebf v\u00e0 in danh thi\u1ebfp tr\u00ean ch\u1ea5t li\u1ec7u gi\u1ea5y cao c\u1ea5p ho\u1eb7c v\u1eadt li\u1ec7u \u0111\u1eb7c bi\u1ec7t, k\u1ebft h\u1ee3p k\u1ef9 thu\u1eadt gia c\u00f4ng tinh x\u1ea3o nh\u01b0 \u00e9p kim, d\u1eadp n\u1ed5i, ph\u1ee7 UV \u0111\u1ecbnh v\u1ecb, letterpress\u2026 nh\u1eb1m t\u1ea1o \u1ea5n t\u01b0\u1ee3ng m\u1ea1nh v\u1ec1 h\u00ecnh \u1ea3nh th\u01b0\u01a1ng hi\u1ec7u v\u00e0 \u0111\u1eb3ng c\u1ea5p c\u00e1 nh\u00e2n.<\/span><\/p>\n<p data-start=\"575\" data-end=\"703\"><span style=\"font-size: 100%;\">\u0110\u00e2y kh\u00f4ng ch\u1ec9 l\u00e0 t\u1ea5m danh thi\u1ebfp ch\u1ee9a th\u00f4ng tin li\u00ean h\u1ec7, m\u00e0 l\u00e0 \u201c\u0111i\u1ec3m ch\u1ea1m th\u01b0\u01a1ng hi\u1ec7u\u201d \u0111\u1ea7u ti\u00ean trong m\u1ecdi cu\u1ed9c g\u1eb7p g\u1ee1 kinh doanh.<\/span><\/p>\n<h2 style=\"font-size: 23.04px;\" data-start=\"1399\" data-end=\"1445\"><span style=\"font-size: 100%;\"><img loading=\"lazy\" decoding=\"async\" class=\"wp-image-2072 aligncenter\" src=\"https:\/\/kopack.site\/wp-content\/uploads\/2026\/02\/name-card-05-400x400.jpg\" alt=\"\" width=\"537\" height=\"537\" srcset=\"https:\/\/kopack.site\/wp-content\/uploads\/2026\/02\/name-card-05-400x400.jpg 400w, https:\/\/kopack.site\/wp-content\/uploads\/2026\/02\/name-card-05-280x280.jpg 280w, https:\/\/kopack.site\/wp-content\/uploads\/2026\/02\/name-card-05-247x247.jpg 247w, https:\/\/kopack.site\/wp-content\/uploads\/2026\/02\/name-card-05-510x510.jpg 510w, https:\/\/kopack.site\/wp-content\/uploads\/2026\/02\/name-card-05-100x100.jpg 100w, https:\/\/kopack.site\/wp-content\/uploads\/2026\/02\/name-card-05.jpg 736w\" sizes=\"auto, (max-width: 537px) 100vw, 537px\" \/><\/span><\/h2>\n<hr data-start=\"705\" data-end=\"708\" \/>\n<h2 data-start=\"710\" data-end=\"762\"><span style=\"font-size: 100%;\">V\u00ec Sao Doanh Nghi\u1ec7p N\u00ean \u0110\u1ea7u T\u01b0 Name Card Cao C\u1ea5p?<\/span><\/h2>\n<h3 data-start=\"764\" data-end=\"803\"><span style=\"font-size: 100%;\">1. T\u1ea1o \u1ea4n T\u01b0\u1ee3ng Ngay L\u1ea7n Trao Tay<\/span><\/h3>\n<p data-start=\"804\" data-end=\"837\"><span style=\"font-size: 100%;\">M\u1ed9t chi\u1ebfc name card cao c\u1ea5p gi\u00fap:<\/span><\/p>\n<ul data-start=\"838\" data-end=\"919\">\n<li data-start=\"838\" data-end=\"857\">\n<p data-start=\"840\" data-end=\"857\"><span style=\"font-size: 100%;\">T\u0103ng \u0111\u1ed9 tin c\u1eady<\/span><\/p>\n<\/li>\n<li data-start=\"858\" data-end=\"889\">\n<p data-start=\"860\" data-end=\"889\"><span style=\"font-size: 100%;\">Ghi nh\u1edb th\u01b0\u01a1ng hi\u1ec7u t\u1ed1t h\u01a1n<\/span><\/p>\n<\/li>\n<li data-start=\"890\" data-end=\"919\">\n<p data-start=\"892\" data-end=\"919\"><span style=\"font-size: 100%;\">Th\u1ec3 hi\u1ec7n s\u1ef1 chuy\u00ean nghi\u1ec7p<\/span><\/p>\n<\/li>\n<\/ul>\n<p data-start=\"921\" data-end=\"992\"><span style=\"font-size: 100%;\">Trong m\u00f4i tr\u01b0\u1eddng B2B, \u1ea5n t\u01b0\u1ee3ng ban \u0111\u1ea7u quy\u1ebft \u0111\u1ecbnh 50% c\u1ea3m nh\u1eadn \u0111\u1ed1i t\u00e1c.<\/span><\/p>\n<h3 data-start=\"994\" data-end=\"1034\"><span style=\"font-size: 100%;\">2. Kh\u1eb3ng \u0110\u1ecbnh \u0110\u1eb3ng C\u1ea5p Th\u01b0\u01a1ng Hi\u1ec7u<\/span><\/h3>\n<p data-start=\"1035\" data-end=\"1123\"><span style=\"font-size: 100%;\">Danh thi\u1ebfp \u0111\u01b0\u1ee3c in tr\u00ean gi\u1ea5y m\u1ef9 thu\u1eadt, gi\u1ea5y d\u00e0y ho\u1eb7c v\u1eadt li\u1ec7u \u0111\u1eb7c bi\u1ec7t gi\u00fap th\u01b0\u01a1ng hi\u1ec7u:<\/span><\/p>\n<ul data-start=\"1124\" data-end=\"1226\">\n<li data-start=\"1124\" data-end=\"1150\">\n<p data-start=\"1126\" data-end=\"1150\"><span style=\"font-size: 100%;\">Nh\u00ecn chuy\u00ean nghi\u1ec7p h\u01a1n<\/span><\/p>\n<\/li>\n<li data-start=\"1151\" data-end=\"1172\">\n<p data-start=\"1153\" data-end=\"1172\"><span style=\"font-size: 100%;\">\u0110\u1ed3ng b\u1ed9 nh\u1eadn di\u1ec7n<\/span><\/p>\n<\/li>\n<li data-start=\"1173\" data-end=\"1226\">\n<p data-start=\"1175\" data-end=\"1226\"><span style=\"font-size: 100%;\">Kh\u00e1c bi\u1ec7t so v\u1edbi \u0111\u1ed1i th\u1ee7 d\u00f9ng name card ph\u1ed5 th\u00f4ng<\/span><\/p>\n<\/li>\n<\/ul>\n<h3 data-start=\"1228\" data-end=\"1286\"><span style=\"font-size: 100%;\">3. T\u1ed1i \u01afu H\u00ecnh \u1ea2nh C\u00e1 Nh\u00e2n Cho L\u00e3nh \u0110\u1ea1o &amp; Chuy\u00ean Gia<\/span><\/h3>\n<p data-start=\"1287\" data-end=\"1308\"><span style=\"font-size: 100%;\">\u0110\u1eb7c bi\u1ec7t ph\u00f9 h\u1ee3p cho:<\/span><\/p>\n<ul data-start=\"1309\" data-end=\"1392\">\n<li data-start=\"1309\" data-end=\"1325\">\n<p data-start=\"1311\" data-end=\"1325\"><span style=\"font-size: 100%;\">CEO, Founder<\/span><\/p>\n<\/li>\n<li data-start=\"1326\" data-end=\"1349\">\n<p data-start=\"1328\" data-end=\"1349\"><span style=\"font-size: 100%;\">Gi\u00e1m \u0111\u1ed1c kinh doanh<\/span><\/p>\n<\/li>\n<li data-start=\"1350\" data-end=\"1371\">\n<p data-start=\"1352\" data-end=\"1371\"><span style=\"font-size: 100%;\">Chuy\u00ean gia t\u01b0 v\u1ea5n<\/span><\/p>\n<\/li>\n<li data-start=\"1372\" data-end=\"1392\">\n<p data-start=\"1374\" data-end=\"1392\"><span style=\"font-size: 100%;\">Doanh nghi\u1ec7p B2B<\/span><\/p>\n<\/li>\n<\/ul>\n<p><span style=\"font-size: 100%;\"><img loading=\"lazy\" decoding=\"async\" class=\"wp-image-2073 aligncenter\" src=\"https:\/\/kopack.site\/wp-content\/uploads\/2026\/02\/name-card08-e1770967957682-800x371.jpg\" alt=\"\" width=\"863\" height=\"400\" srcset=\"https:\/\/kopack.site\/wp-content\/uploads\/2026\/02\/name-card08-e1770967957682-800x371.jpg 800w, https:\/\/kopack.site\/wp-content\/uploads\/2026\/02\/name-card08-e1770967957682-768x356.jpg 768w, https:\/\/kopack.site\/wp-content\/uploads\/2026\/02\/name-card08-e1770967957682-510x236.jpg 510w, https:\/\/kopack.site\/wp-content\/uploads\/2026\/02\/name-card08-e1770967957682.jpg 960w\" sizes=\"auto, (max-width: 863px) 100vw, 863px\" \/><\/span><\/p>\n<hr data-start=\"1394\" data-end=\"1397\" \/>\n<h2 data-start=\"1399\" data-end=\"1445\"><span style=\"font-size: 100%;\">C\u00e1c Ch\u1ea5t Li\u1ec7u In Name Card Cao C\u1ea5p Ph\u1ed5 Bi\u1ebfn<\/span><\/h2>\n<h3 data-start=\"1447\" data-end=\"1474\"><span style=\"font-size: 100%;\">Gi\u1ea5y M\u1ef9 Thu\u1eadt Cao C\u1ea5p<\/span><\/h3>\n<p data-start=\"1475\" data-end=\"1551\"><span style=\"font-size: 100%;\">B\u1ec1 m\u1eb7t v\u00e2n, s\u1ea7n, \u0111\u1ecbnh l\u01b0\u1ee3ng 250\u2013350gsm<\/span><br data-start=\"1513\" data-end=\"1516\" \/><span style=\"font-size: 100%;\">C\u1ea3m gi\u00e1c c\u1ee9ng, sang, chuy\u00ean nghi\u1ec7p.<\/span><\/p>\n<h3 data-start=\"1553\" data-end=\"1588\"><span style=\"font-size: 100%;\">Gi\u1ea5y Couche C\u00e1n M\u1edd\/Soft Touch<\/span><\/h3>\n<p data-start=\"1589\" data-end=\"1655\"><span style=\"font-size: 100%;\">B\u1ec1 m\u1eb7t m\u1ecbn, hi\u1ec7n \u0111\u1ea1i<\/span><br data-start=\"1609\" data-end=\"1612\" \/><span style=\"font-size: 100%;\">Ph\u00f9 h\u1ee3p c\u00f4ng ty c\u00f4ng ngh\u1ec7, th\u01b0\u01a1ng hi\u1ec7u tr\u1ebb.<\/span><\/p>\n<h3 data-start=\"1657\" data-end=\"1687\"><span style=\"font-size: 100%;\">Gi\u1ea5y \u00c1nh Kim (Stardream)<\/span><\/h3>\n<p data-start=\"1688\" data-end=\"1745\"><span style=\"font-size: 100%;\">Hi\u1ec7u \u1ee9ng \u00e1nh nh\u0169 cao c\u1ea5p<\/span><br data-start=\"1712\" data-end=\"1715\" \/><span style=\"font-size: 100%;\">N\u1ed5i b\u1eadt logo v\u00e0 m\u00e0u nh\u1eadn di\u1ec7n.<\/span><\/p>\n<h3 data-start=\"1747\" data-end=\"1784\"><span style=\"font-size: 100%;\">Name Card Nh\u1ef1a PVC \/ Nh\u1ef1a Trong<\/span><\/h3>\n<p data-start=\"1785\" data-end=\"1858\"><span style=\"font-size: 100%;\">Ch\u1ed1ng n\u01b0\u1edbc, b\u1ec1n, \u0111\u1ed9c \u0111\u00e1o<\/span><br data-start=\"1809\" data-end=\"1812\" \/><span style=\"font-size: 100%;\">Ph\u00f9 h\u1ee3p ng\u00e0nh l\u00e0m \u0111\u1eb9p, th\u1ebb th\u00e0nh vi\u00ean cao c\u1ea5p.<\/span><\/p>\n<h2 data-start=\"1865\" data-end=\"1903\"><span style=\"font-size: 100%;\">K\u1ef9 Thu\u1eadt Gia C\u00f4ng Name Card Cao C\u1ea5p<\/span><\/h2>\n<ul data-start=\"1905\" data-end=\"2091\">\n<li data-start=\"1905\" data-end=\"1935\">\n<p data-start=\"1907\" data-end=\"1935\"><span style=\"font-size: 100%;\">\u00c9p kim v\u00e0ng, b\u1ea1c, hologram<\/span><\/p>\n<\/li>\n<li data-start=\"1936\" data-end=\"1963\">\n<p data-start=\"1938\" data-end=\"1963\"><span style=\"font-size: 100%;\">D\u1eadp n\u1ed5i \/ d\u1eadp ch\u00ecm logo<\/span><\/p>\n<\/li>\n<li data-start=\"1964\" data-end=\"1992\">\n<p data-start=\"1966\" data-end=\"1992\"><span style=\"font-size: 100%;\">Ph\u1ee7 UV \u0111\u1ecbnh v\u1ecb (spot UV)<\/span><\/p>\n<\/li>\n<li data-start=\"1993\" data-end=\"2023\">\n<p data-start=\"1995\" data-end=\"2023\"><span style=\"font-size: 100%;\">C\u00e1n soft touch (m\u1ecbn nhung)<\/span><\/p>\n<\/li>\n<li data-start=\"2024\" data-end=\"2057\">\n<p data-start=\"2026\" data-end=\"2057\"><span style=\"font-size: 100%;\">Bo g\u00f3c, b\u1ebf h\u00ecnh theo thi\u1ebft k\u1ebf<\/span><\/p>\n<\/li>\n<li data-start=\"2058\" data-end=\"2091\">\n<p data-start=\"2060\" data-end=\"2091\"><span style=\"font-size: 100%;\">In letterpress (in l\u00f5m cao c\u1ea5p)<\/span><\/p>\n<\/li>\n<\/ul>\n<p data-start=\"2093\" data-end=\"2169\"><span style=\"font-size: 100%;\">K\u1ef9 thu\u1eadt gia c\u00f4ng l\u00e0 y\u1ebfu t\u1ed1 quy\u1ebft \u0111\u1ecbnh 70% c\u1ea3m gi\u00e1c \u201ccao c\u1ea5p\u201d c\u1ee7a name card.<\/span><\/p>\n<h2 data-start=\"2176\" data-end=\"2224\"><span style=\"font-size: 100%;\">Quy Tr\u00ecnh In Name Card Cao C\u1ea5p Chu\u1ea9n K\u1ef9 Thu\u1eadt<\/span><\/h2>\n<h2 style=\"font-size: 23.04px;\" data-start=\"2467\" data-end=\"2508\"><img loading=\"lazy\" decoding=\"async\" class=\" wp-image-2074 alignright\" src=\"https:\/\/kopack.site\/wp-content\/uploads\/2026\/02\/name-card-6-225x400.jpg\" alt=\"\" width=\"408\" height=\"725\" srcset=\"https:\/\/kopack.site\/wp-content\/uploads\/2026\/02\/name-card-6-225x400.jpg 225w, https:\/\/kopack.site\/wp-content\/uploads\/2026\/02\/name-card-6-450x800.jpg 450w, https:\/\/kopack.site\/wp-content\/uploads\/2026\/02\/name-card-6-768x1365.jpg 768w, https:\/\/kopack.site\/wp-content\/uploads\/2026\/02\/name-card-6-864x1536.jpg 864w, https:\/\/kopack.site\/wp-content\/uploads\/2026\/02\/name-card-6-510x907.jpg 510w, https:\/\/kopack.site\/wp-content\/uploads\/2026\/02\/name-card-6.jpg 1080w\" sizes=\"auto, (max-width: 408px) 100vw, 408px\" \/><\/h2>\n<ol data-start=\"2226\" data-end=\"2407\">\n<li data-start=\"2226\" data-end=\"2263\">\n<p data-start=\"2229\" data-end=\"2263\"><span style=\"font-size: 100%;\">T\u01b0 v\u1ea5n ch\u1ea5t li\u1ec7u theo ng\u00e0nh ngh\u1ec1<\/span><\/p>\n<\/li>\n<li data-start=\"2264\" data-end=\"2299\">\n<p data-start=\"2267\" data-end=\"2299\"><span style=\"font-size: 100%;\">Thi\u1ebft k\u1ebf ho\u1eb7c ki\u1ec3m tra file in<\/span><\/p>\n<\/li>\n<li data-start=\"2300\" data-end=\"2331\">\n<p data-start=\"2303\" data-end=\"2331\"><span style=\"font-size: 100%;\">Test m\u00e0u &amp; ki\u1ec3m tra layout<\/span><\/p>\n<\/li>\n<li data-start=\"2332\" data-end=\"2353\">\n<p data-start=\"2335\" data-end=\"2353\"><span style=\"font-size: 100%;\">In \u1ea5n &amp; gia c\u00f4ng<\/span><\/p>\n<\/li>\n<li data-start=\"2354\" data-end=\"2381\">\n<p data-start=\"2357\" data-end=\"2381\"><span style=\"font-size: 100%;\">QC ki\u1ec3m tra th\u00e0nh ph\u1ea9m<\/span><\/p>\n<\/li>\n<li data-start=\"2382\" data-end=\"2407\">\n<p data-start=\"2385\" data-end=\"2407\"><span style=\"font-size: 100%;\">\u0110\u00f3ng g\u00f3i &amp; giao h\u00e0ng<\/span><\/p>\n<\/li>\n<\/ol>\n<p data-start=\"2409\" data-end=\"2460\"><span style=\"font-size: 100%;\">Th\u1eddi gian s\u1ea3n xu\u1ea5t: 2\u20135 ng\u00e0y t\u00f9y k\u1ef9 thu\u1eadt gia c\u00f4ng.<\/span><\/p>\n<h2 data-start=\"2467\" data-end=\"2508\"><span style=\"font-size: 100%;\">Quy C\u00e1ch In Name Card Cao C\u1ea5p Ph\u1ed5 Bi\u1ebfn<\/span><\/h2>\n<ul data-start=\"2510\" data-end=\"2666\">\n<li data-start=\"2510\" data-end=\"2552\">\n<p data-start=\"2512\" data-end=\"2552\"><span style=\"font-size: 100%;\">K\u00edch th\u01b0\u1edbc: 90 x 54 mm (chu\u1ea9n qu\u1ed1c t\u1ebf)<\/span><\/p>\n<\/li>\n<li data-start=\"2553\" data-end=\"2584\">\n<p data-start=\"2555\" data-end=\"2584\"><span style=\"font-size: 100%;\">\u0110\u1ecbnh l\u01b0\u1ee3ng: 300gsm \u2013 350gsm<\/span><\/p>\n<\/li>\n<li data-start=\"2585\" data-end=\"2626\">\n<p data-start=\"2587\" data-end=\"2626\"><span style=\"font-size: 100%;\">In offset ho\u1eb7c in k\u1ef9 thu\u1eadt s\u1ed1 cao c\u1ea5p<\/span><\/p>\n<\/li>\n<li data-start=\"2627\" data-end=\"2666\">\n<p data-start=\"2629\" data-end=\"2666\"><span style=\"font-size: 100%;\">Gia c\u00f4ng theo nh\u1eadn di\u1ec7n th\u01b0\u01a1ng hi\u1ec7u<\/span><\/p>\n<\/li>\n<\/ul>\n<h2 data-start=\"2673\" data-end=\"2704\"><span style=\"font-size: 100%;\">B\u00e1o Gi\u00e1 In Name Card Cao C\u1ea5p<\/span><\/h2>\n<p data-start=\"2706\" data-end=\"2728\"><span style=\"font-size: 100%;\">Chi ph\u00ed ph\u1ee5 thu\u1ed9c v\u00e0o:<\/span><\/p>\n<ul data-start=\"2729\" data-end=\"2816\">\n<li data-start=\"2729\" data-end=\"2748\">\n<p data-start=\"2731\" data-end=\"2748\"><span style=\"font-size: 100%;\">Lo\u1ea1i gi\u1ea5y cao c\u1ea5p<\/span><\/p>\n<\/li>\n<li data-start=\"2749\" data-end=\"2762\">\n<p data-start=\"2751\" data-end=\"2762\"><span style=\"font-size: 100%;\">S\u1ed1 l\u01b0\u1ee3ng in<\/span><\/p>\n<\/li>\n<li data-start=\"2763\" data-end=\"2791\">\n<p data-start=\"2765\" data-end=\"2791\"><span style=\"font-size: 100%;\">K\u1ef9 thu\u1eadt gia c\u00f4ng \u0111\u1eb7c bi\u1ec7t<\/span><\/p>\n<\/li>\n<li data-start=\"2792\" data-end=\"2816\">\n<p data-start=\"2794\" data-end=\"2816\"><span style=\"font-size: 100%;\">Y\u00eau c\u1ea7u thi\u1ebft k\u1ebf ri\u00eang<\/span><\/p>\n<\/li>\n<\/ul>\n<p data-start=\"2818\" data-end=\"2930\"><span style=\"font-size: 100%;\">So v\u1edbi name card th\u01b0\u1eddng, chi ph\u00ed cao h\u01a1n 30\u201380% nh\u01b0ng gi\u00e1 tr\u1ecb th\u01b0\u01a1ng hi\u1ec7u v\u00e0 kh\u1ea3 n\u0103ng ghi nh\u1edb cao h\u01a1n nhi\u1ec1u l\u1ea7n.<\/span><\/p>\n<h2 data-start=\"2937\" data-end=\"2991\"><span style=\"font-size: 100%;\">L\u1ee3i Th\u1ebf Khi In Name Card Cao C\u1ea5p Chu\u1ea9n Doanh Nghi\u1ec7p<\/span><\/h2>\n<p data-start=\"2993\" data-end=\"3190\"><span style=\"font-size: 100%;\">\u2714 Thi\u1ebft k\u1ebf \u0111\u1ed3ng b\u1ed9 nh\u1eadn di\u1ec7n th\u01b0\u01a1ng hi\u1ec7u<\/span><br data-start=\"3033\" data-end=\"3036\" \/><span style=\"font-size: 100%;\">\u2714 T\u01b0 v\u1ea5n v\u1eadt li\u1ec7u theo m\u1ee5c ti\u00eau s\u1eed d\u1ee5ng<\/span><br data-start=\"3075\" data-end=\"3078\" \/><span style=\"font-size: 100%;\">\u2714 Ki\u1ec3m so\u00e1t m\u00e0u s\u1eafc &amp; ch\u1ea5t l\u01b0\u1ee3ng in<\/span><br data-start=\"3113\" data-end=\"3116\" \/><span style=\"font-size: 100%;\">\u2714 T\u1ed1i \u01b0u chi ph\u00ed khi in s\u1ed1 l\u01b0\u1ee3ng l\u1edbn<\/span><br data-start=\"3152\" data-end=\"3155\" \/><span style=\"font-size: 100%;\">\u2714 H\u1ea1n ch\u1ebf l\u1ed7i gia c\u00f4ng v\u00e0 sai m\u00e0u<\/span><\/p>\n<h2 data-start=\"3197\" data-end=\"3218\"><span style=\"font-size: 100%;\">C\u00e2u H\u1ecfi Th\u01b0\u1eddng G\u1eb7p<\/span><\/h2>\n<p data-start=\"3220\" data-end=\"3327\"><span style=\"font-size: 100%;\"><strong data-start=\"3220\" data-end=\"3269\">In name card cao c\u1ea5p t\u1ed1i thi\u1ec3u bao nhi\u00eau c\u00e1i?<\/strong><\/span><br data-start=\"3269\" data-end=\"3272\" \/><span style=\"font-size: 100%;\">Th\u00f4ng th\u01b0\u1eddng t\u1eeb 100\u2013200 c\u00e1i \u0111\u1ec3 t\u1ed1i \u01b0u chi ph\u00ed s\u1ea3n xu\u1ea5t.<\/span><\/p>\n<p data-start=\"3329\" data-end=\"3462\"><span style=\"font-size: 100%;\"><strong data-start=\"3329\" data-end=\"3383\">Name card cao c\u1ea5p c\u00f3 ph\u00f9 h\u1ee3p in s\u1ed1 l\u01b0\u1ee3ng \u00edt kh\u00f4ng?<\/strong><\/span><br data-start=\"3383\" data-end=\"3386\" \/><span style=\"font-size: 100%;\">C\u00f3, nh\u01b0ng n\u00ean ch\u1ecdn in k\u1ef9 thu\u1eadt s\u1ed1 v\u00e0 gia c\u00f4ng \u0111\u01a1n gi\u1ea3n \u0111\u1ec3 ti\u1ebft ki\u1ec7m chi ph\u00ed.<\/span><\/p>\n<p data-start=\"3464\" data-end=\"3596\"><span style=\"font-size: 100%;\"><strong data-start=\"3464\" data-end=\"3502\">N\u00ean ch\u1ecdn gi\u1ea5y m\u1ef9 thu\u1eadt hay \u00e9p kim?<\/strong><\/span><br data-start=\"3502\" data-end=\"3505\" \/><span style=\"font-size: 100%;\">N\u1ebfu c\u1ea7n sang tr\u1ecdng tinh t\u1ebf \u2192 gi\u1ea5y m\u1ef9 thu\u1eadt<\/span><br data-start=\"3547\" data-end=\"3550\" \/><span style=\"font-size: 100%;\">N\u1ebfu c\u1ea7n n\u1ed5i b\u1eadt th\u01b0\u01a1ng hi\u1ec7u \u2192 \u00e9p kim + d\u1eadp n\u1ed5i<\/span><\/p>\n<p><span style=\"color: #d83131;\">Kh\u00e1ch h\u00e0ng \u0111ang t\u00ecm ki\u1ebfm \u0111\u01a1n v\u1ecb in name card \u2013 Danh thi\u1ebfp \u2013 Card visit gi\u00e1 r\u1ebb, ch\u1ea5t l\u01b0\u1ee3ng, gia c\u00f4ng theo y\u00eau c\u1ea7u th\u00ec KO\u2019PACK l\u00e0 l\u1ef1a ch\u1ecdn ph\u00f9 h\u1ee3p. Li\u00ean h\u1ec7 ngay v\u1edbi c\u00f4ng ty ch\u00fang t\u00f4i \u0111\u1ec3 nh\u00e2n vi\u00ean t\u01b0 v\u1ea5n, b\u00e1o gi\u00e1 in name card th\u00f4ng d\u1ee5ng cho kh\u00e1ch h\u00e0ng tham kh\u1ea3o.<\/span><\/p>\n<p><span style=\"color: #d83131;\">Nh\u00e2n vi\u00ean t\u1ea1i KO\u2019PACK lu\u00f4n nhi\u1ec7t t\u00ecnh, vui v\u1ebb, s\u1eb5n s\u00e0ng h\u1ed7 tr\u1ee3, gi\u1ea3i \u0111\u00e1p \u0111\u1ebfn khi n\u00e0o kh\u00e1ch h\u00e0ng kh\u00f4ng c\u00f2n th\u1eafc m\u1eafc th\u00ec th\u00f4i. C\u1ea7n\u00a0<strong>in name card<\/strong>\u00a0th\u00ec g\u1ecdi ngay cho ch\u00fang t\u00f4i nh\u00e9.<\/span><\/p>\n<p>&nbsp;<\/p>\n","protected":false},"excerpt":{"rendered":"<div class=\"row\"  id=\"row-1298501570\">\n\n\t<div id=\"col-1236453131\" class=\"col medium-6 small-12 large-6\"  >\n\t\t\t\t<div class=\"col-inner\"  >\n\t\t\t\n\t\t\t\n<a href=\"tel:0333180683\" class=\"button primary is-is-outline is-medium expand\"  >\n    <span>G\u1ecdi T\u01b0 V\u1ea5n<\/span>\n  <\/a>\n\n\t\t<\/div>\n\t\t\t\t\t<\/div>\n\n\t\n\n\t<div id=\"col-1800764530\" class=\"col medium-6 small-12 large-6\"  >\n\t\t\t\t<div class=\"col-inner\"  >\n\t\t\t\n\t\t\t\n<a href=\"https:\/\/id.zalo.me\/account\/login?continue=http%3A%2F%2Fzalo.me%2F0333180683\" class=\"button success is-medium expand\"  >\n    <span>Li\u00ean H\u1ec7 Zalo<\/span>\n  <i class=\"icon-phone\" aria-hidden=\"true\" ><\/i><\/a>\n\n\t\t<\/div>\n\t\t\t\t\t<\/div>\n\n\t\n<\/div>\n","protected":false},"featured_media":2075,"template":"","meta":[],"product_brand":[],"product_cat":[129],"product_tag":[],"class_list":{"0":"post-2069","1":"product","2":"type-product","3":"status-publish","4":"has-post-thumbnail","6":"product_cat-name-card","8":"first","9":"instock","10":"shipping-taxable","11":"product-type-simple"},"jetpack_sharing_enabled":true,"_links":{"self":[{"href":"https:\/\/kopack.site\/index.php?rest_route=\/wp\/v2\/product\/2069","targetHints":{"allow":["GET"]}}],"collection":[{"href":"https:\/\/kopack.site\/index.php?rest_route=\/wp\/v2\/product"}],"about":[{"href":"https:\/\/kopack.site\/index.php?rest_route=\/wp\/v2\/types\/product"}],"wp:featuredmedia":[{"embeddable":true,"href":"https:\/\/kopack.site\/index.php?rest_route=\/wp\/v2\/media\/2075"}],"wp:attachment":[{"href":"https:\/\/kopack.site\/index.php?rest_route=%2Fwp%2Fv2%2Fmedia&parent=2069"}],"wp:term":[{"taxonomy":"product_brand","embeddable":true,"href":"https:\/\/kopack.site\/index.php?rest_route=%2Fwp%2Fv2%2Fproduct_brand&post=2069"},{"taxonomy":"product_cat","embeddable":true,"href":"https:\/\/kopack.site\/index.php?rest_route=%2Fwp%2Fv2%2Fproduct_cat&post=2069"},{"taxonomy":"product_tag","embeddable":true,"href":"https:\/\/kopack.site\/index.php?rest_route=%2Fwp%2Fv2%2Fproduct_tag&post=2069"}],"curies":[{"name":"wp","href":"https:\/\/api.w.org\/{rel}","templated":true}]}}