{"id":2389,"date":"2026-02-23T15:15:56","date_gmt":"2026-02-23T08:15:56","guid":{"rendered":"https:\/\/kopack.site\/?post_type=product&#038;p=2389"},"modified":"2026-02-23T21:52:48","modified_gmt":"2026-02-23T14:52:48","slug":"in-to-gap-to-roi","status":"publish","type":"product","link":"https:\/\/kopack.site\/?product=in-to-gap-to-roi","title":{"rendered":"IN T\u1edc G\u1ea4P &#038; T\u1edc R\u01a0I"},"content":{"rendered":"<h1 data-start=\"0\" data-end=\"71\">IN T\u1edc G\u1ea4P &amp; T\u1edc R\u01a0I \u2013 GI\u1ea2I PH\u00c1P MARKETING NHANH, TI\u1ebeT KI\u1ec6M, HI\u1ec6U QU\u1ea2<\/h1>\n<p data-start=\"73\" data-end=\"307\">T\u1edd g\u1ea5p (Brochure) v\u00e0 t\u1edd r\u01a1i (Flyer) l\u00e0 \u1ea5n ph\u1ea9m qu\u1ea3ng c\u00e1o gi\u00fap doanh nghi\u1ec7p truy\u1ec1n t\u1ea3i th\u00f4ng tin nhanh ch\u00f3ng, tr\u1ef1c quan v\u00e0 d\u1ec5 ph\u00e2n ph\u1ed1i. \u0110\u00e2y l\u00e0 c\u00f4ng c\u1ee5 marketing chi ph\u00ed th\u1ea5p nh\u01b0ng mang l\u1ea1i hi\u1ec7u qu\u1ea3 cao n\u1ebfu thi\u1ebft k\u1ebf v\u00e0 in \u1ea5n \u0111\u00fang c\u00e1ch.<\/p>\n<p data-start=\"309\" data-end=\"466\">Ko\u2019Pack cung c\u1ea5p d\u1ecbch v\u1ee5 in t\u1edd g\u1ea5p &amp; t\u1edd r\u01a1i t\u1ea1i TP.HCM theo \u0111\u1ecbnh h\u01b0\u1edbng: <strong data-start=\"381\" data-end=\"466\">\u0111\u00fang th\u00f4ng \u0111i\u1ec7p \u2013 chu\u1ea9n m\u00e0u \u2013 t\u1ed1i \u01b0u ng\u00e2n s\u00e1ch \u2013 s\u1eb5n s\u00e0ng ph\u00e1t h\u00e0nh s\u1ed1 l\u01b0\u1ee3ng l\u1edbn.<\/strong><\/p>\n<p data-start=\"309\" data-end=\"466\"><img loading=\"lazy\" decoding=\"async\" class=\"wp-image-2392 aligncenter\" src=\"https:\/\/kopack.site\/wp-content\/uploads\/2026\/02\/brochure-1-400x400.jpg\" alt=\"\" width=\"602\" height=\"602\" srcset=\"https:\/\/kopack.site\/wp-content\/uploads\/2026\/02\/brochure-1-400x400.jpg 400w, https:\/\/kopack.site\/wp-content\/uploads\/2026\/02\/brochure-1-800x800.jpg 800w, https:\/\/kopack.site\/wp-content\/uploads\/2026\/02\/brochure-1-280x280.jpg 280w, https:\/\/kopack.site\/wp-content\/uploads\/2026\/02\/brochure-1-768x768.jpg 768w, https:\/\/kopack.site\/wp-content\/uploads\/2026\/02\/brochure-1-247x247.jpg 247w, https:\/\/kopack.site\/wp-content\/uploads\/2026\/02\/brochure-1-510x510.jpg 510w, https:\/\/kopack.site\/wp-content\/uploads\/2026\/02\/brochure-1-100x100.jpg 100w, https:\/\/kopack.site\/wp-content\/uploads\/2026\/02\/brochure-1.jpg 1200w\" sizes=\"auto, (max-width: 602px) 100vw, 602px\" \/><\/p>\n<hr data-start=\"468\" data-end=\"471\" \/>\n<h2 data-start=\"473\" data-end=\"489\">T\u1edd r\u01a1i l\u00e0 g\u00ec?<\/h2>\n<p data-start=\"490\" data-end=\"563\">T\u1edd r\u01a1i (Flyer) l\u00e0 \u1ea5n ph\u1ea9m in 1 m\u1eb7t ho\u1eb7c 2 m\u1eb7t tr\u00ean kh\u1ed5 gi\u1ea5y r\u1eddi, d\u00f9ng \u0111\u1ec3:<\/p>\n<ul data-start=\"564\" data-end=\"694\">\n<li data-start=\"564\" data-end=\"600\">\n<p data-start=\"566\" data-end=\"600\">Qu\u1ea3ng b\u00e1 ch\u01b0\u01a1ng tr\u00ecnh khuy\u1ebfn m\u00e3i<\/p>\n<\/li>\n<li data-start=\"601\" data-end=\"628\">\n<p data-start=\"603\" data-end=\"628\">Gi\u1edbi thi\u1ec7u s\u1ea3n ph\u1ea9m m\u1edbi<\/p>\n<\/li>\n<li data-start=\"629\" data-end=\"650\">\n<p data-start=\"631\" data-end=\"650\">Th\u00f4ng b\u00e1o s\u1ef1 ki\u1ec7n<\/p>\n<\/li>\n<li data-start=\"651\" data-end=\"694\">\n<p data-start=\"653\" data-end=\"694\">Ph\u00e1t t\u1ea1i showroom, h\u1ed9i ch\u1ee3, khai tr\u01b0\u01a1ng<\/p>\n<\/li>\n<\/ul>\n<p data-start=\"696\" data-end=\"750\">\u01afu \u0111i\u1ec3m: chi ph\u00ed th\u1ea5p, in nhanh, d\u1ec5 ph\u00e1t s\u1ed1 l\u01b0\u1ee3ng l\u1edbn.<\/p>\n<hr data-start=\"752\" data-end=\"755\" \/>\n<h2 data-start=\"757\" data-end=\"773\">T\u1edd g\u1ea5p l\u00e0 g\u00ec?<\/h2>\n<p data-start=\"774\" data-end=\"890\">T\u1edd g\u1ea5p (Brochure) l\u00e0 \u1ea5n ph\u1ea9m \u0111\u01b0\u1ee3c g\u1ea5p 2\u20133 ho\u1eb7c nhi\u1ec1u n\u1ebfp, gi\u00fap tr\u00ecnh b\u00e0y n\u1ed9i dung logic v\u00e0 chuy\u00ean nghi\u1ec7p h\u01a1n t\u1edd r\u01a1i.<\/p>\n<p data-start=\"892\" data-end=\"908\">Th\u01b0\u1eddng d\u00f9ng cho:<\/p>\n<ul data-start=\"909\" data-end=\"1043\">\n<li data-start=\"909\" data-end=\"931\">\n<p data-start=\"911\" data-end=\"931\">Gi\u1edbi thi\u1ec7u d\u1ecbch v\u1ee5<\/p>\n<\/li>\n<li data-start=\"932\" data-end=\"958\">\n<p data-start=\"934\" data-end=\"958\">H\u1ed3 s\u01a1 n\u0103ng l\u1ef1c r\u00fat g\u1ecdn<\/p>\n<\/li>\n<li data-start=\"959\" data-end=\"998\">\n<p data-start=\"961\" data-end=\"998\">Gi\u1edbi thi\u1ec7u d\u1ef1 \u00e1n, s\u1ea3n ph\u1ea9m chi ti\u1ebft<\/p>\n<\/li>\n<li data-start=\"999\" data-end=\"1043\">\n<p data-start=\"1001\" data-end=\"1043\">Marketing cao c\u1ea5p h\u01a1n flyer th\u00f4ng th\u01b0\u1eddng<\/p>\n<\/li>\n<\/ul>\n<hr data-start=\"1045\" data-end=\"1048\" \/>\n<h2 data-start=\"1050\" data-end=\"1102\">Khi n\u00e0o n\u00ean d\u00f9ng t\u1edd r\u01a1i? Khi n\u00e0o n\u00ean d\u00f9ng t\u1edd g\u1ea5p?<\/h2>\n<p data-start=\"1104\" data-end=\"1124\"><strong data-start=\"1104\" data-end=\"1124\">D\u00f9ng t\u1edd r\u01a1i khi:<\/strong><\/p>\n<ul data-start=\"1125\" data-end=\"1232\">\n<li data-start=\"1125\" data-end=\"1147\">\n<p data-start=\"1127\" data-end=\"1147\">C\u1ea7n qu\u1ea3ng b\u00e1 nhanh<\/p>\n<\/li>\n<li data-start=\"1148\" data-end=\"1178\">\n<p data-start=\"1150\" data-end=\"1178\">Ch\u1ea1y ch\u01b0\u01a1ng tr\u00ecnh ng\u1eafn h\u1ea1n<\/p>\n<\/li>\n<li data-start=\"1179\" data-end=\"1200\">\n<p data-start=\"1181\" data-end=\"1200\">Ph\u00e1t s\u1ed1 l\u01b0\u1ee3ng l\u1edbn<\/p>\n<\/li>\n<li data-start=\"1201\" data-end=\"1232\">\n<p data-start=\"1203\" data-end=\"1232\">Ng\u00e2n s\u00e1ch marketing h\u1ea1n ch\u1ebf<\/p>\n<\/li>\n<\/ul>\n<p data-start=\"1234\" data-end=\"1254\"><strong data-start=\"1234\" data-end=\"1254\">D\u00f9ng t\u1edd g\u1ea5p khi:<\/strong><\/p>\n<ul data-start=\"1255\" data-end=\"1433\">\n<li data-start=\"1255\" data-end=\"1293\">\n<p data-start=\"1257\" data-end=\"1293\">C\u1ea7n tr\u00ecnh b\u00e0y n\u1ed9i dung c\u00f3 c\u1ea5u tr\u00fac<\/p>\n<\/li>\n<li data-start=\"1294\" data-end=\"1326\">\n<p data-start=\"1296\" data-end=\"1326\">Mu\u1ed1n t\u0103ng t\u00ednh chuy\u00ean nghi\u1ec7p<\/p>\n<\/li>\n<li data-start=\"1327\" data-end=\"1371\">\n<p data-start=\"1329\" data-end=\"1371\">C\u1ea7n gi\u1edbi thi\u1ec7u chi ti\u1ebft s\u1ea3n ph\u1ea9m\/d\u1ecbch v\u1ee5<\/p>\n<\/li>\n<li data-start=\"1372\" data-end=\"1433\">\n<p data-start=\"1374\" data-end=\"1433\">L\u00e0m t\u00e0i li\u1ec7u ph\u00e1t cho kh\u00e1ch h\u00e0ng ti\u1ec1m n\u0103ng ch\u1ea5<\/p>\n<\/li>\n<li data-start=\"1372\" data-end=\"1433\">\n<p data-start=\"1374\" data-end=\"1433\">t l\u01b0\u1ee3ng cao<\/p>\n<\/li>\n<\/ul>\n<hr data-start=\"1435\" data-end=\"1438\" \/>\n<h2 data-start=\"1440\" data-end=\"1479\">Quy c\u00e1ch in t\u1edd r\u01a1i \u2013 t\u1edd g\u1ea5p ph\u1ed5 bi\u1ebfn<\/h2>\n<h3 data-start=\"1481\" data-end=\"1506\">K\u00edch th\u01b0\u1edbc th\u00f4ng d\u1ee5ng<\/h3>\n<ul data-start=\"1507\" data-end=\"1635\">\n<li data-start=\"1507\" data-end=\"1528\">\n<p data-start=\"1509\" data-end=\"1528\">A5 (14.8 x 21 cm)<\/p>\n<\/li>\n<li data-start=\"1529\" data-end=\"1550\">\n<p data-start=\"1531\" data-end=\"1550\">A4 (21 x 29.7 cm)<\/p>\n<\/li>\n<li data-start=\"1551\" data-end=\"1594\">\n<p data-start=\"1553\" data-end=\"1594\">DL (10 x 21 cm \u2013 ph\u1ed5 bi\u1ebfn cho t\u1edd g\u1ea5p 3)<\/p>\n<\/li>\n<li data-start=\"1595\" data-end=\"1635\">\n<p data-start=\"1597\" data-end=\"1635\">Theo k\u00edch th\u01b0\u1edbc ri\u00eang t\u00f9y chi\u1ebfn d\u1ecbch<\/p>\n<\/li>\n<\/ul>\n<h3 data-start=\"1637\" data-end=\"1655\">Ch\u1ea5t li\u1ec7u gi\u1ea5y<\/h3>\n<ul data-start=\"1656\" data-end=\"1793\">\n<li data-start=\"1656\" data-end=\"1701\">\n<p data-start=\"1658\" data-end=\"1701\">Couche 100 \u2013 150gsm (ph\u1ed5 bi\u1ebfn, ti\u1ebft ki\u1ec7m)<\/p>\n<\/li>\n<li data-start=\"1702\" data-end=\"1748\">\n<p data-start=\"1704\" data-end=\"1748\">Couche 200 \u2013 300gsm (d\u00e0y h\u01a1n, cao c\u1ea5p h\u01a1n)<\/p>\n<\/li>\n<li data-start=\"1749\" data-end=\"1793\">\n<p data-start=\"1751\" data-end=\"1793\">Gi\u1ea5y m\u1ef9 thu\u1eadt (theo y\u00eau c\u1ea7u th\u01b0\u01a1ng hi\u1ec7u)<\/p>\n<\/li>\n<\/ul>\n<h3 data-start=\"1795\" data-end=\"1814\">Gia c\u00f4ng sau in<\/h3>\n<ul data-start=\"1815\" data-end=\"1908\">\n<li data-start=\"1815\" data-end=\"1837\">\n<p data-start=\"1817\" data-end=\"1837\">C\u00e1n m\u00e0ng m\u1edd \/ b\u00f3ng<\/p>\n<\/li>\n<li data-start=\"1838\" data-end=\"1866\">\n<p data-start=\"1840\" data-end=\"1866\">G\u1ea5p 2, g\u1ea5p 3, g\u1ea5p ziczac<\/p>\n<\/li>\n<li data-start=\"1867\" data-end=\"1908\">\n<p data-start=\"1869\" data-end=\"1908\">Bo g\u00f3c, \u00e9p kim (v\u1edbi brochure cao c\u1ea5p)<\/p>\n<\/li>\n<\/ul>\n<h3 style=\"font-size: 20.16px;\" data-start=\"1795\" data-end=\"1814\"><img loading=\"lazy\" decoding=\"async\" class=\"wp-image-2393 aligncenter\" style=\"font-size: 14.4px; color: #555555;\" src=\"https:\/\/kopack.site\/wp-content\/uploads\/2026\/02\/03c9005924a71cba3d9f20b428dbeaa7-394x400.jpg\" alt=\"\" width=\"412\" height=\"419\" srcset=\"https:\/\/kopack.site\/wp-content\/uploads\/2026\/02\/03c9005924a71cba3d9f20b428dbeaa7-394x400.jpg 394w, https:\/\/kopack.site\/wp-content\/uploads\/2026\/02\/03c9005924a71cba3d9f20b428dbeaa7.jpg 405w\" sizes=\"auto, (max-width: 412px) 100vw, 412px\" \/><\/h3>\n<hr data-start=\"1910\" data-end=\"1913\" \/>\n<h2 data-start=\"1915\" data-end=\"1934\">\u1ee8ng d\u1ee5ng th\u1ef1c t\u1ebf<\/h2>\n<ul data-start=\"1935\" data-end=\"2099\">\n<li data-start=\"1935\" data-end=\"1966\">\n<p data-start=\"1937\" data-end=\"1966\">Ph\u00e1t t\u1ea1i h\u1ed9i ch\u1ee3, tri\u1ec3n l\u00e3m<\/p>\n<\/li>\n<li data-start=\"1967\" data-end=\"2002\">\n<p data-start=\"1969\" data-end=\"2002\">\u0110\u00ednh k\u00e8m s\u1ea3n ph\u1ea9m khi giao h\u00e0ng<\/p>\n<\/li>\n<li data-start=\"2003\" data-end=\"2034\">\n<p data-start=\"2005\" data-end=\"2034\">Ph\u00e1t t\u1ea1i c\u1eeda h\u00e0ng, showroom<\/p>\n<\/li>\n<li data-start=\"2035\" data-end=\"2054\">\n<p data-start=\"2037\" data-end=\"2054\">G\u1eedi k\u00e8m b\u00e1o gi\u00e1<\/p>\n<\/li>\n<li data-start=\"2055\" data-end=\"2099\">\n<p data-start=\"2057\" data-end=\"2099\">Marketing tr\u1ef1c ti\u1ebfp t\u1ea1i khu v\u1ef1c m\u1ee5c ti\u00eau<\/p>\n<\/li>\n<\/ul>\n<p data-start=\"2101\" data-end=\"2218\">N\u1ebfu d\u00f9ng \u0111\u00fang c\u00e1ch, t\u1edd r\u01a1i v\u00e0 brochure c\u00f3 th\u1ec3 t\u1ea1o ra t\u1ec7p kh\u00e1ch h\u00e0ng m\u1edbi v\u1edbi chi ph\u00ed r\u1ea5t th\u1ea5p so v\u1edbi qu\u1ea3ng c\u00e1o online.<\/p>\n<hr data-start=\"2220\" data-end=\"2223\" \/>\n<h2 id=\"ftoc-heading-3\" class=\"ftwp-heading\">B\u1ea3ng gi\u00e1 in catalogue m\u1edbi nh\u1ea5t Ko&#8217;Pack<\/h2>\n<p>D\u01b0\u1edbi \u0111\u00e2y l\u00e0 b\u1ea3ng gi\u00e1 in catalogue m\u1edbi nh\u1ea5t, kh\u00e1ch h\u00e0ng c\u00f3 th\u1ec3 tham kh\u1ea3o qua:<\/p>\n<h3 id=\"ftoc-heading-4\" class=\"ftwp-heading\">B\u1ea3ng gi\u00e1 in catalogue A4 \u2013 s\u1ed1 l\u01b0\u1ee3ng \u00edt<\/h3>\n<table style=\"height: 413px;\" width=\"615\">\n<tbody>\n<tr>\n<td>S\u1ed1 trang<\/td>\n<td>1 Cu\u1ed1n<\/td>\n<td>10 Cu\u1ed1n<\/td>\n<td>20 Cu\u1ed1n<\/td>\n<td>50 Cu\u1ed1n<\/td>\n<td>100 Cu\u1ed1n<\/td>\n<td>200 Cu\u1ed1n<\/td>\n<\/tr>\n<tr>\n<td>12 trang<\/td>\n<td>256.000<\/td>\n<td>1.094.000<\/td>\n<td>1.536.000<\/td>\n<td>3.067.000<\/td>\n<td>4.800.000<\/td>\n<td>8.021.000<\/td>\n<\/tr>\n<tr>\n<td>16 trang<\/td>\n<td>270.000<\/td>\n<td>1.251.000<\/td>\n<td>1.929.000<\/td>\n<td>3.760.000<\/td>\n<td>6.140.000<\/td>\n<td>9.880.000<\/td>\n<\/tr>\n<tr>\n<td>20 trang<\/td>\n<td>284.000<\/td>\n<td>1.330.000<\/td>\n<td>2.130.000<\/td>\n<td>3.980.000<\/td>\n<td>7.280.000<\/td>\n<td>13.320.000<\/td>\n<\/tr>\n<tr>\n<td>24 trang<\/td>\n<td>297.000<\/td>\n<td>1.480.000<\/td>\n<td>2.360.000<\/td>\n<td>4.720.000<\/td>\n<td>8.310.000<\/td>\n<td>13.510.000<\/td>\n<\/tr>\n<tr>\n<td>28 trang<\/td>\n<td>310.000<\/td>\n<td>1.625.000<\/td>\n<td>2.551.000<\/td>\n<td>5.220.000<\/td>\n<td>9.060.000<\/td>\n<td>14.100.000<\/td>\n<\/tr>\n<tr>\n<td>32 trang<\/td>\n<td>325.000<\/td>\n<td>1.790.000<\/td>\n<td>2.805.000<\/td>\n<td>5.822.000<\/td>\n<td>9.860.000<\/td>\n<td>16.589.000<\/td>\n<\/tr>\n<tr>\n<td>36 trang<\/td>\n<td>378.000<\/td>\n<td>1.870.000<\/td>\n<td>3.910.000<\/td>\n<td>6.420.000<\/td>\n<td>10.660.000<\/td>\n<td>18.980.000<\/td>\n<\/tr>\n<tr>\n<td>40 trang<\/td>\n<td>380.000<\/td>\n<td>1.980.000<\/td>\n<td>3.190.000<\/td>\n<td>6.820.000<\/td>\n<td>11.260.000<\/td>\n<td>19.980.000<\/td>\n<\/tr>\n<tr>\n<td>44 trang<\/td>\n<td>400.000<\/td>\n<td>2.100.000<\/td>\n<td>3.320.000<\/td>\n<td>7.220.000<\/td>\n<td>12.060.000<\/td>\n<td>21.150.000<\/td>\n<\/tr>\n<tr>\n<td>48 trang<\/td>\n<td>430.000<\/td>\n<td>2.180.000<\/td>\n<td>3.580.000<\/td>\n<td>7.630.000<\/td>\n<td>12.870.000<\/td>\n<td>23.468.000<\/td>\n<\/tr>\n<tr>\n<td>52 trang<\/td>\n<td>460.000<\/td>\n<td>2.290.000<\/td>\n<td>3.790.000<\/td>\n<td>8.030.000<\/td>\n<td>13.770.000<\/td>\n<td>24.100.000<\/td>\n<\/tr>\n<tr>\n<td>56 trang<\/td>\n<td>490.000<\/td>\n<td>2.360.000<\/td>\n<td>3.910.000<\/td>\n<td>8.410.000<\/td>\n<td>14.820.000<\/td>\n<td>25.640.000<\/td>\n<\/tr>\n<tr>\n<td>60 trang<\/td>\n<td>520.000<\/td>\n<td>2.420.000<\/td>\n<td>4.160.000<\/td>\n<td>8.860.000<\/td>\n<td>15.470.000<\/td>\n<td>26.050.000<\/td>\n<\/tr>\n<tr>\n<td>64 trang<\/td>\n<td>550.000<\/td>\n<td>2.536.000<\/td>\n<td>4.370.000<\/td>\n<td>9.200.000<\/td>\n<td>16.270.000<\/td>\n<td>27.000.000<\/td>\n<\/tr>\n<tr>\n<td>68 trang<\/td>\n<td>620.000<\/td>\n<td>2.642.000<\/td>\n<td>4.682.000<\/td>\n<td>9.670.000<\/td>\n<td>17.130.000<\/td>\n<td>27.900.000<\/td>\n<\/tr>\n<\/tbody>\n<\/table>\n<h3 id=\"ftoc-heading-5\" class=\"ftwp-heading\">B\u1ea3ng gi\u00e1 in catalogue A4 \u2013 s\u1ed1 l\u01b0\u1ee3ng nhi\u1ec1u<\/h3>\n<table style=\"height: 294px;\" width=\"613\">\n<tbody>\n<tr>\n<td>S\u1ed1 trang<\/td>\n<td>500 Cu\u1ed1n<\/td>\n<td>1000 Cu\u1ed1n<\/td>\n<td>2000 Cu\u1ed1n<\/td>\n<td>3000 Cu\u1ed1n<\/td>\n<td>5000 Cu\u1ed1n<\/td>\n<td>10.000 Cu\u1ed1n<\/td>\n<\/tr>\n<tr>\n<td>8 trang<\/td>\n<td>13.000 \u0111\/c<\/td>\n<td>8.400 \u0111\/c<\/td>\n<td>6.200 \u0111\/c<\/td>\n<td>5.600 \u0111\/c<\/td>\n<td>5.000 \u0111\/c<\/td>\n<td>4.600 \u0111\/c<\/td>\n<\/tr>\n<tr>\n<td>12 trang<\/td>\n<td>17.600 \u0111\/c<\/td>\n<td>11.000 \u0111\/c<\/td>\n<td>8.000 \u0111\/c<\/td>\n<td>7.200 \u0111\/c<\/td>\n<td>6.600 \u0111\/c<\/td>\n<td>6.000 \u0111\/c<\/td>\n<\/tr>\n<tr>\n<td>16 trang<\/td>\n<td>22.400 \u0111\/c<\/td>\n<td>13.600 \u0111\/c<\/td>\n<td>9.800 \u0111\/c<\/td>\n<td>8.800 \u0111\/c<\/td>\n<td>8.200 \u0111\/c<\/td>\n<td>7.400 \u0111\/c<\/td>\n<\/tr>\n<tr>\n<td>20 trang<\/td>\n<td>27.000 \u0111\/c<\/td>\n<td>16.800 \u0111\/c<\/td>\n<td>11.600 \u0111\/c<\/td>\n<td>10.400 \u0111\/c<\/td>\n<td>9.400 \u0111\/c<\/td>\n<td>8.800 \u0111\/c<\/td>\n<\/tr>\n<tr>\n<td>24 trang<\/td>\n<td>30.600 \u0111\/c<\/td>\n<td>19.400 \u0111\/c<\/td>\n<td>13.400 \u0111\/c<\/td>\n<td>12.000 \u0111\/c<\/td>\n<td>11.000 \u0111\/c<\/td>\n<td>10.200 \u0111\/c<\/td>\n<\/tr>\n<tr>\n<td>28 trang<\/td>\n<td>34.400 \u0111\/c<\/td>\n<td>22.000 \u0111\/c<\/td>\n<td>15.200 \u0111\/c<\/td>\n<td>13.600 \u0111\/c<\/td>\n<td>12.600 \u0111\/c<\/td>\n<td>11.600 \u0111\/c<\/td>\n<\/tr>\n<tr>\n<td>32 trang<\/td>\n<td>37.800 \u0111\/c<\/td>\n<td>25.000 \u0111\/c<\/td>\n<td>17.000 \u0111\/c<\/td>\n<td>15.200 \u0111\/c<\/td>\n<td>14.200 \u0111\/c<\/td>\n<td>13.200 \u0111\/c<\/td>\n<\/tr>\n<tr>\n<td>36 trang<\/td>\n<td>42.000 \u0111\/c<\/td>\n<td>28.000 \u0111\/c<\/td>\n<td>18.800 \u0111\/c<\/td>\n<td>16.800 \u0111\/c<\/td>\n<td>15.600 \u0111\/c<\/td>\n<td>14.800 \u0111\/c<\/td>\n<\/tr>\n<tr>\n<td>40 trang<\/td>\n<td>45.400 \u0111\/c<\/td>\n<td>31.000 \u0111\/c<\/td>\n<td>20.600 \u0111\/c<\/td>\n<td>18.400 \u0111\/c<\/td>\n<td>17.200 \u0111\/c<\/td>\n<td>16.400 \u0111\/c<\/td>\n<\/tr>\n<tr>\n<td>44 trang<\/td>\n<td>48.800 \u0111\/c<\/td>\n<td>34.000 \u0111\/c<\/td>\n<td>22.400 \u0111\/c<\/td>\n<td>20.000 \u0111\/c<\/td>\n<td>18.800 \u0111\/c<\/td>\n<td>17.900 \u0111\/c<\/td>\n<\/tr>\n<\/tbody>\n<\/table>\n<h3 id=\"ftoc-heading-6\" class=\"ftwp-heading\">B\u1ea3ng gi\u00e1 in catalogue A5 \u2013 s\u1ed1 l\u01b0\u1ee3ng \u00edt<\/h3>\n<table style=\"height: 430px;\" width=\"612\">\n<tbody>\n<tr>\n<td>S\u1ed1 trang<\/td>\n<td>1 Cu\u1ed1n<\/td>\n<td>10 Cu\u1ed1n<\/td>\n<td>20 Cu\u1ed1n<\/td>\n<td>50 Cu\u1ed1n<\/td>\n<td>100 Cu\u1ed1n<\/td>\n<td>200 Cu\u1ed1n<\/td>\n<\/tr>\n<tr>\n<td>12 trang<\/td>\n<td>140.000<\/td>\n<td>600.000<\/td>\n<td>900.000<\/td>\n<td>1.300.000<\/td>\n<td>2.080.000<\/td>\n<td>2.860.000<\/td>\n<\/tr>\n<tr>\n<td>16 trang<\/td>\n<td>160.000<\/td>\n<td>700.000<\/td>\n<td>1.200.000<\/td>\n<td>1.800.000<\/td>\n<td>2.600.000<\/td>\n<td>3.380.000<\/td>\n<\/tr>\n<tr>\n<td>20 trang<\/td>\n<td>180.000<\/td>\n<td>800.000<\/td>\n<td>1.350.000<\/td>\n<td>2.080.000<\/td>\n<td>3.250.000<\/td>\n<td>4.680.000<\/td>\n<\/tr>\n<tr>\n<td>24 trang<\/td>\n<td>200.000<\/td>\n<td>900.000<\/td>\n<td>1.450.000<\/td>\n<td>2.470.000<\/td>\n<td>3.900.000<\/td>\n<td>4.100.000<\/td>\n<\/tr>\n<tr>\n<td>28 trang<\/td>\n<td>220.000<\/td>\n<td>1.000.000<\/td>\n<td>1.600.000<\/td>\n<td>2.860.000<\/td>\n<td>4.680.000<\/td>\n<td>5.330.000<\/td>\n<\/tr>\n<tr>\n<td>32 trang<\/td>\n<td>250.000<\/td>\n<td>1.100.000<\/td>\n<td>1.780.000<\/td>\n<td>3.380.000<\/td>\n<td>5.200.000<\/td>\n<td>6.120.000<\/td>\n<\/tr>\n<tr>\n<td>36 trang<\/td>\n<td>280.000<\/td>\n<td>1.300.000<\/td>\n<td>1.880.000<\/td>\n<td>3.640.000<\/td>\n<td>5.720.000<\/td>\n<td>7.300.000<\/td>\n<\/tr>\n<tr>\n<td>40 trang<\/td>\n<td>300.000<\/td>\n<td>1.400.000<\/td>\n<td>2.130.000<\/td>\n<td>4.160.000<\/td>\n<td>6.240.000<\/td>\n<td>8.320.000<\/td>\n<\/tr>\n<tr>\n<td>44 trang<\/td>\n<td>300.000<\/td>\n<td>1.500.000<\/td>\n<td>2.300.000<\/td>\n<td>4.680.000<\/td>\n<td>6.760.000<\/td>\n<td>8.980.000<\/td>\n<\/tr>\n<tr>\n<td>48 trang<\/td>\n<td>350.000<\/td>\n<td>1.600.000<\/td>\n<td>2.700.000<\/td>\n<td>5.080.000<\/td>\n<td>7.280.000<\/td>\n<td>9.620.000<\/td>\n<\/tr>\n<tr>\n<td>52 trang<\/td>\n<td>380.000<\/td>\n<td>1.700.000<\/td>\n<td>3.000.000<\/td>\n<td>5.400.000<\/td>\n<td>7.800.000<\/td>\n<td>10.270.000<\/td>\n<\/tr>\n<tr>\n<td>56 trang<\/td>\n<td>420.000<\/td>\n<td>1.800.000<\/td>\n<td>3.200.000<\/td>\n<td>5.800.000<\/td>\n<td>8.450.000<\/td>\n<td>10.790.000<\/td>\n<\/tr>\n<tr>\n<td>60 trang<\/td>\n<td>440.000<\/td>\n<td>1.900.000<\/td>\n<td>3.800.000<\/td>\n<td>6.000.000<\/td>\n<td>8.970.000<\/td>\n<td>11.290.000<\/td>\n<\/tr>\n<tr>\n<td>64 trang<\/td>\n<td>470.000<\/td>\n<td>2.000.000<\/td>\n<td>4.100.000<\/td>\n<td>6.300.000<\/td>\n<td>9.610.000<\/td>\n<td>11.580.000<\/td>\n<\/tr>\n<tr>\n<td>68 trang<\/td>\n<td>490.000<\/td>\n<td>2.100.000<\/td>\n<td>4.600.000<\/td>\n<td>6.800.000<\/td>\n<td>9.900.000<\/td>\n<td>12.600.000<\/td>\n<\/tr>\n<\/tbody>\n<\/table>\n<h3 id=\"ftoc-heading-7\" class=\"ftwp-heading\">B\u1ea3ng gi\u00e1 in catalogue A5 \u2013 s\u1ed1 l\u01b0\u1ee3ng nhi\u1ec1u<\/h3>\n<table style=\"height: 294px;\" width=\"612\">\n<tbody>\n<tr>\n<td>S\u1ed1 trang<\/td>\n<td>500 Cu\u1ed1n<\/td>\n<td>1000 Cu\u1ed1n<\/td>\n<td>2000 Cu\u1ed1n<\/td>\n<td>3000 Cu\u1ed1n<\/td>\n<td>5000 Cu\u1ed1n<\/td>\n<td>10.000 Cu\u1ed1n<\/td>\n<\/tr>\n<tr>\n<td>8 trang<\/td>\n<td>8.400 \u0111\/c<\/td>\n<td>5.400 \u0111\/c<\/td>\n<td>4.400 \u0111\/c<\/td>\n<td>4.100 \u0111\/c<\/td>\n<td>3.400 \u0111\/c<\/td>\n<td>3.000 \u0111\/c<\/td>\n<\/tr>\n<tr>\n<td>12 trang<\/td>\n<td>10.600 \u0111\/c<\/td>\n<td>6.800 \u0111\/c<\/td>\n<td>5.200 \u0111\/c<\/td>\n<td>5.000 \u0111\/c<\/td>\n<td>4.200 \u0111\/c<\/td>\n<td>3.700 \u0111\/c<\/td>\n<\/tr>\n<tr>\n<td>16 trang<\/td>\n<td>12.600 \u0111\/c<\/td>\n<td>8.100 \u0111\/c<\/td>\n<td>6.400 \u0111\/c<\/td>\n<td>5.900 \u0111\/c<\/td>\n<td>5.000 \u0111\/c<\/td>\n<td>4.500 \u0111\/c<\/td>\n<\/tr>\n<tr>\n<td>20 trang<\/td>\n<td>14.600 \u0111\/c<\/td>\n<td>9.600 \u0111\/c<\/td>\n<td>7.400 \u0111\/c<\/td>\n<td>6.800 \u0111\/c<\/td>\n<td>5.800 \u0111\/c<\/td>\n<td>5.400 \u0111\/c<\/td>\n<\/tr>\n<tr>\n<td>24 trang<\/td>\n<td>16.600 \u0111\/c<\/td>\n<td>11.000 \u0111\/c<\/td>\n<td>8.400 \u0111\/c<\/td>\n<td>7.650 \u0111\/c<\/td>\n<td>6.600 \u0111\/c<\/td>\n<td>6.300 \u0111\/c<\/td>\n<\/tr>\n<tr>\n<td>28 trang<\/td>\n<td>18.600 \u0111\/c<\/td>\n<td>12.400 \u0111\/c<\/td>\n<td>9.400 \u0111\/c<\/td>\n<td>8.600 \u0111\/c<\/td>\n<td>7.100 \u0111\/c<\/td>\n<td>6.800 \u0111\/c<\/td>\n<\/tr>\n<tr>\n<td>32 trang<\/td>\n<td>20.600 \u0111\/c<\/td>\n<td>13.800 \u0111\/c<\/td>\n<td>10.400 \u0111\/c<\/td>\n<td>9.516 \u0111\/c<\/td>\n<td>7.500 \u0111\/c<\/td>\n<td>7.300 \u0111\/c<\/td>\n<\/tr>\n<tr>\n<td>36 trang<\/td>\n<td>22.600 \u0111\/c<\/td>\n<td>15.200 \u0111\/c<\/td>\n<td>11.400 \u0111\/c<\/td>\n<td>10.400 \u0111\/c<\/td>\n<td>8.200 \u0111\/c<\/td>\n<td>7.700 \u0111\/c<\/td>\n<\/tr>\n<tr>\n<td>40 trang<\/td>\n<td>24.600 \u0111\/c<\/td>\n<td>16.600 \u0111\/c<\/td>\n<td>12.400 \u0111\/c<\/td>\n<td>11.300 \u0111\/c<\/td>\n<td>8.700 \u0111\/c<\/td>\n<td>8.300 \u0111\/c<\/td>\n<\/tr>\n<tr>\n<td>44 trang<\/td>\n<td>26.000 \u0111\/c<\/td>\n<td>18.000 \u0111\/c<\/td>\n<td>13.400 \u0111\/c<\/td>\n<td>12.100 \u0111\/c<\/td>\n<td>9.200 \u0111\/c<\/td>\n<td>8.900 \u0111\/c<\/td>\n<\/tr>\n<\/tbody>\n<\/table>\n<p><i>L\u01b0u \u00fd: B\u1ea3ng gi\u00e1 in catalogue \u1edf tr\u00ean ch\u01b0a bao g\u1ed3m thu\u1ebf VAT v\u00e0 ch\u01b0a bao g\u1ed3m ph\u00ed thi\u1ebft k\u1ebf. Thi\u1ebft k\u1ebf catalogue chuy\u00ean nghi\u1ec7p s\u1ebd c\u00f3 gi\u00e1 dao \u0111\u1ed9ng t\u1eeb 100.000 \u2013 200.000 VN\u0110\/trang.<\/i><\/p>\n<h2 data-start=\"2225\" data-end=\"2270\">V\u00ec sao n\u00ean in t\u1edd g\u1ea5p &amp; t\u1edd r\u01a1i t\u1ea1i Ko\u2019Pack?<\/h2>\n<ul data-start=\"2272\" data-end=\"2539\">\n<li data-start=\"2272\" data-end=\"2318\">\n<p data-start=\"2274\" data-end=\"2318\">T\u01b0 v\u1ea5n quy c\u00e1ch ph\u00f9 h\u1ee3p m\u1ee5c ti\u00eau marketing<\/p>\n<\/li>\n<li data-start=\"2319\" data-end=\"2358\">\n<p data-start=\"2321\" data-end=\"2358\">Ki\u1ec3m so\u00e1t m\u00e0u s\u1eafc chu\u1ea9n th\u01b0\u01a1ng hi\u1ec7u<\/p>\n<\/li>\n<li data-start=\"2359\" data-end=\"2401\">\n<p data-start=\"2361\" data-end=\"2401\">In offset &amp; k\u1ef9 thu\u1eadt s\u1ed1 ch\u1ea5t l\u01b0\u1ee3ng cao<\/p>\n<\/li>\n<li data-start=\"2402\" data-end=\"2443\">\n<p data-start=\"2404\" data-end=\"2443\">Nh\u1eadn in s\u1ed1 l\u01b0\u1ee3ng \u00edt ho\u1eb7c s\u1ed1 l\u01b0\u1ee3ng l\u1edbn<\/p>\n<\/li>\n<li data-start=\"2444\" data-end=\"2483\">\n<p data-start=\"2446\" data-end=\"2483\">Gi\u00e1 c\u1ea1nh tranh theo t\u1eebng chi\u1ebfn d\u1ecbch<\/p>\n<\/li>\n<li data-start=\"2484\" data-end=\"2539\">\n<p data-start=\"2486\" data-end=\"2539\">H\u1ed7 tr\u1ee3 ch\u1ec9nh file &amp; chu\u1ea9n h\u00f3a k\u1ef9 thu\u1eadt tr\u01b0\u1edbc khi in<\/p>\n<\/li>\n<\/ul>\n<p data-start=\"2541\" data-end=\"2607\">Ko\u2019Pack kh\u00f4ng ch\u1ec9 in cho \u0111\u1eb9p \u2013 m\u00e0 in \u0111\u1ec3 h\u1ed7 tr\u1ee3 b\u00e1n h\u00e0ng th\u1ef1c t\u1ebf.<\/p>\n<hr data-start=\"2609\" data-end=\"2612\" \/>\n<h2 data-start=\"2614\" data-end=\"2632\"><img loading=\"lazy\" decoding=\"async\" class=\"alignnone size-medium wp-image-2394\" src=\"https:\/\/kopack.site\/wp-content\/uploads\/2026\/02\/brochure-2-600x400.jpg\" alt=\"\" width=\"600\" height=\"400\" srcset=\"https:\/\/kopack.site\/wp-content\/uploads\/2026\/02\/brochure-2-600x400.jpg 600w, https:\/\/kopack.site\/wp-content\/uploads\/2026\/02\/brochure-2-510x340.jpg 510w, https:\/\/kopack.site\/wp-content\/uploads\/2026\/02\/brochure-2.jpg 680w\" sizes=\"auto, (max-width: 600px) 100vw, 600px\" \/><\/h2>\n<h2 data-start=\"2614\" data-end=\"2632\">Cam k\u1ebft d\u1ecbch v\u1ee5<\/h2>\n<ul data-start=\"2633\" data-end=\"2746\">\n<li data-start=\"2633\" data-end=\"2661\">\n<p data-start=\"2635\" data-end=\"2661\">Th\u1eddi gian s\u1ea3n xu\u1ea5t nhanh<\/p>\n<\/li>\n<li data-start=\"2662\" data-end=\"2695\">\n<p data-start=\"2664\" data-end=\"2695\">T\u1ed1i \u01b0u chi ph\u00ed theo ng\u00e2n s\u00e1ch<\/p>\n<\/li>\n<li data-start=\"2696\" data-end=\"2746\">\n<p data-start=\"2698\" data-end=\"2746\">Th\u00e0nh ph\u1ea9m \u0111\u00fang file \u2013 \u0111\u00fang m\u00e0u \u2013 \u0111\u00fang ti\u1ebfn \u0111\u1ed9<\/p>\n<\/li>\n<\/ul>\n<p data-start=\"2748\" data-end=\"2840\" data-is-last-node=\"\" data-is-only-node=\"\"><strong data-start=\"2748\" data-end=\"2840\" data-is-last-node=\"\">Ko\u2019Pack \u2013 Gi\u1ea3i ph\u00e1p in t\u1edd g\u1ea5p &amp; t\u1edd r\u01a1i hi\u1ec7u qu\u1ea3, linh ho\u1ea1t cho m\u1ecdi chi\u1ebfn d\u1ecbch marketing.<\/strong><\/p>\n","protected":false},"excerpt":{"rendered":"<p>Ch\u1ea5t li\u1ec7u ph\u1ed5 bi\u1ebfn: Couche 100\u2013300gsm.<br data-start=\"333\" data-end=\"336\" \/>K\u00edch th\u01b0\u1edbc: A5, A4, DL ho\u1eb7c theo y\u00eau c\u1ea7u.<br data-start=\"377\" data-end=\"380\" \/>Gia c\u00f4ng: C\u00e1n m\u00e0ng, g\u1ea5p, \u00e9p kim (tu\u1ef3 nhu c\u1ea7u).<\/p>\n<div class=\"row\"  id=\"row-1224397994\">\n\n\t<div id=\"col-1669188850\" class=\"col medium-6 small-12 large-6\"  >\n\t\t\t\t<div class=\"col-inner\"  >\n\t\t\t\n\t\t\t\n<a href=\"tel:0333180683\" class=\"button primary is-is-outline is-medium expand\"  >\n    <span>G\u1ecdi T\u01b0 V\u1ea5n<\/span>\n  <\/a>\n\n\t\t<\/div>\n\t\t\t\t\t<\/div>\n\n\t\n\n\t<div id=\"col-349353510\" class=\"col medium-6 small-12 large-6\"  >\n\t\t\t\t<div class=\"col-inner\"  >\n\t\t\t\n\t\t\t\n<a href=\"https:\/\/id.zalo.me\/account\/login?continue=http%3A%2F%2Fzalo.me%2F0333180683\" class=\"button success is-medium expand\"  >\n    <span>Li\u00ean H\u1ec7 Zalo<\/span>\n  <i class=\"icon-phone\" aria-hidden=\"true\" ><\/i><\/a>\n\n\t\t<\/div>\n\t\t\t\t\t<\/div>\n\n\t\n<\/div>\n","protected":false},"featured_media":2395,"template":"","meta":[],"product_brand":[],"product_cat":[135],"product_tag":[],"class_list":{"0":"post-2389","1":"product","2":"type-product","3":"status-publish","4":"has-post-thumbnail","6":"product_cat-to-gap-to-roi","8":"first","9":"instock","10":"shipping-taxable","11":"product-type-simple"},"jetpack_sharing_enabled":true,"_links":{"self":[{"href":"https:\/\/kopack.site\/index.php?rest_route=\/wp\/v2\/product\/2389","targetHints":{"allow":["GET"]}}],"collection":[{"href":"https:\/\/kopack.site\/index.php?rest_route=\/wp\/v2\/product"}],"about":[{"href":"https:\/\/kopack.site\/index.php?rest_route=\/wp\/v2\/types\/product"}],"wp:featuredmedia":[{"embeddable":true,"href":"https:\/\/kopack.site\/index.php?rest_route=\/wp\/v2\/media\/2395"}],"wp:attachment":[{"href":"https:\/\/kopack.site\/index.php?rest_route=%2Fwp%2Fv2%2Fmedia&parent=2389"}],"wp:term":[{"taxonomy":"product_brand","embeddable":true,"href":"https:\/\/kopack.site\/index.php?rest_route=%2Fwp%2Fv2%2Fproduct_brand&post=2389"},{"taxonomy":"product_cat","embeddable":true,"href":"https:\/\/kopack.site\/index.php?rest_route=%2Fwp%2Fv2%2Fproduct_cat&post=2389"},{"taxonomy":"product_tag","embeddable":true,"href":"https:\/\/kopack.site\/index.php?rest_route=%2Fwp%2Fv2%2Fproduct_tag&post=2389"}],"curies":[{"name":"wp","href":"https:\/\/api.w.org\/{rel}","templated":true}]}}