{"id":2403,"date":"2026-02-23T20:51:15","date_gmt":"2026-02-23T13:51:15","guid":{"rendered":"https:\/\/kopack.site\/?post_type=product&#038;p=2403"},"modified":"2026-02-23T21:43:49","modified_gmt":"2026-02-23T14:43:49","slug":"in-hoa-don-bieu-mau","status":"publish","type":"product","link":"https:\/\/kopack.site\/?product=in-hoa-don-bieu-mau","title":{"rendered":"IN H\u00d3A \u0110\u01a0N \u2013 BI\u1ec2U M\u1eaaU"},"content":{"rendered":"<h2 data-start=\"0\" data-end=\"40\">IN H\u00d3A \u0110\u01a0N \u2013 BI\u1ec2U M\u1eaaU CHUY\u00caN NGHI\u1ec6P<\/h2>\n<p data-start=\"42\" data-end=\"446\">In h\u00f3a \u0111\u01a1n \u2013 bi\u1ec3u m\u1eabu l\u00e0 h\u1ea1ng m\u1ee5c \u1ea5n ph\u1ea9m v\u1eadn h\u00e0nh quan tr\u1ecdng, gi\u00fap doanh nghi\u1ec7p chu\u1ea9n h\u00f3a quy tr\u00ecnh giao d\u1ecbch, ki\u1ec3m so\u00e1t d\u1eef li\u1ec7u v\u00e0 \u0111\u1ea3m b\u1ea3o t\u00ednh minh b\u1ea1ch trong ho\u1ea1t \u0111\u1ed9ng kinh doanh. M\u1ed9t h\u1ec7 th\u1ed1ng bi\u1ec3u m\u1eabu \u0111\u01b0\u1ee3c thi\u1ebft k\u1ebf v\u00e0 in \u0111\u00fang quy c\u00e1ch kh\u00f4ng ch\u1ec9 ph\u1ee5c v\u1ee5 ghi nh\u1eadn th\u00f4ng tin m\u00e0 c\u00f2n g\u00f3p ph\u1ea7n x\u00e2y d\u1ef1ng h\u00ecnh \u1ea3nh doanh nghi\u1ec7p chuy\u00ean nghi\u1ec7p, nh\u1ea5t qu\u00e1n trong t\u1eebng \u0111i\u1ec3m ch\u1ea1m v\u1edbi kh\u00e1ch h\u00e0ng v\u00e0 n\u1ed9i b\u1ed9 v\u1eadn h\u00e0nh.<\/p>\n<p data-start=\"448\" data-end=\"676\">T\u1eeb c\u00e1c bi\u1ec3u m\u1eabu c\u01a1 b\u1ea3n nh\u01b0 phi\u1ebfu thu, phi\u1ebfu chi, \u0111\u01a1n \u0111\u1eb7t h\u00e0ng, phi\u1ebfu xu\u1ea5t \u2013 nh\u1eadp kho, \u0111\u1ebfn h\u1ee3p \u0111\u1ed3ng, bi\u00ean b\u1ea3n, b\u1ea3ng k\u00ea\u2026 vi\u1ec7c in \u1ea5n \u0111\u00fang ti\u00eau chu\u1ea9n gi\u00fap doanh nghi\u1ec7p gi\u1ea3m sai s\u00f3t, d\u1ec5 ki\u1ec3m so\u00e1t ch\u1ee9ng t\u1eeb v\u00e0 t\u1ed1i \u01b0u quy tr\u00ecnh qu\u1ea3n l\u00fd.<\/p>\n<p data-start=\"448\" data-end=\"676\"><img loading=\"lazy\" decoding=\"async\" class=\" wp-image-2411 aligncenter\" src=\"https:\/\/kopack.site\/wp-content\/uploads\/2026\/02\/dich-vu-in-phieu-giao-hang-gia-re-426x400.jpg\" alt=\"\" width=\"499\" height=\"469\" srcset=\"https:\/\/kopack.site\/wp-content\/uploads\/2026\/02\/dich-vu-in-phieu-giao-hang-gia-re-426x400.jpg 426w, https:\/\/kopack.site\/wp-content\/uploads\/2026\/02\/dich-vu-in-phieu-giao-hang-gia-re-852x800.jpg 852w, https:\/\/kopack.site\/wp-content\/uploads\/2026\/02\/dich-vu-in-phieu-giao-hang-gia-re-768x722.jpg 768w, https:\/\/kopack.site\/wp-content\/uploads\/2026\/02\/dich-vu-in-phieu-giao-hang-gia-re-510x479.jpg 510w, https:\/\/kopack.site\/wp-content\/uploads\/2026\/02\/dich-vu-in-phieu-giao-hang-gia-re.jpg 1024w\" sizes=\"auto, (max-width: 499px) 100vw, 499px\" \/><\/p>\n<hr data-start=\"678\" data-end=\"681\" \/>\n<h2 data-start=\"683\" data-end=\"744\">Vai tr\u00f2 c\u1ee7a h\u00f3a \u0111\u01a1n \u2013 bi\u1ec3u m\u1eabu trong v\u1eadn h\u00e0nh doanh nghi\u1ec7p<\/h2>\n<p data-start=\"745\" data-end=\"862\">Bi\u1ec3u m\u1eabu kh\u00f4ng ch\u1ec9 l\u00e0 gi\u1ea5y t\u1edd h\u00e0nh ch\u00ednh m\u00e0 c\u00f2n l\u00e0 c\u00f4ng c\u1ee5 qu\u1ea3n tr\u1ecb. Khi \u0111\u01b0\u1ee3c chu\u1ea9n h\u00f3a ngay t\u1eeb \u0111\u1ea7u, doanh nghi\u1ec7p s\u1ebd:<\/p>\n<ul data-start=\"863\" data-end=\"1138\">\n<li data-start=\"863\" data-end=\"919\">\n<p data-start=\"865\" data-end=\"919\">Ghi nh\u1eadn giao d\u1ecbch r\u00f5 r\u00e0ng, h\u1ea1n ch\u1ebf nh\u1ea7m l\u1eabn s\u1ed1 li\u1ec7u<\/p>\n<\/li>\n<li data-start=\"920\" data-end=\"971\">\n<p data-start=\"922\" data-end=\"971\">\u0110\u1ed3ng b\u1ed9 quy tr\u00ecnh gi\u1eefa b\u00e1n h\u00e0ng \u2013 k\u1ebf to\u00e1n \u2013 kho<\/p>\n<\/li>\n<li data-start=\"972\" data-end=\"1021\">\n<p data-start=\"974\" data-end=\"1021\">D\u1ec5 d\u00e0ng l\u01b0u tr\u1eef, tra c\u1ee9u v\u00e0 \u0111\u1ed1i so\u00e1t ch\u1ee9ng t\u1eeb<\/p>\n<\/li>\n<li data-start=\"1022\" data-end=\"1080\">\n<p data-start=\"1024\" data-end=\"1080\">T\u0103ng \u0111\u1ed9 tin c\u1eady khi l\u00e0m vi\u1ec7c v\u1edbi kh\u00e1ch h\u00e0ng v\u00e0 \u0111\u1ed1i t\u00e1c<\/p>\n<\/li>\n<li data-start=\"1081\" data-end=\"1138\">\n<p data-start=\"1083\" data-end=\"1138\">H\u1ed7 tr\u1ee3 ki\u1ec3m so\u00e1t n\u1ed9i b\u1ed9 v\u00e0 v\u1eadn h\u00e0nh h\u1ec7 th\u1ed1ng hi\u1ec7u qu\u1ea3<\/p>\n<\/li>\n<\/ul>\n<p data-start=\"1140\" data-end=\"1304\">\u0110\u1eb7c bi\u1ec7t v\u1edbi doanh nghi\u1ec7p s\u1ea3n xu\u1ea5t, logistics, b\u00e1n l\u1ebb ho\u1eb7c c\u00f3 nhi\u1ec1u \u0111i\u1ec3m b\u00e1n, h\u1ec7 th\u1ed1ng bi\u1ec3u m\u1eabu in s\u1eb5n gi\u00fap ti\u1ebft ki\u1ec7m th\u1eddi gian x\u1eed l\u00fd v\u00e0 gi\u1ea3m l\u1ed7i thao t\u00e1c th\u1ee7 c\u00f4ng.<\/p>\n<hr data-start=\"1306\" data-end=\"1309\" \/>\n<h2 data-start=\"1311\" data-end=\"1350\">C\u00e1c lo\u1ea1i h\u00f3a \u0111\u01a1n \u2013 bi\u1ec3u m\u1eabu ph\u1ed5 bi\u1ebfn<\/h2>\n<ul data-start=\"1351\" data-end=\"1553\">\n<li data-start=\"1351\" data-end=\"1376\">\n<p data-start=\"1353\" data-end=\"1376\">Phi\u1ebfu thu \u2013 phi\u1ebfu chi<\/p>\n<\/li>\n<li data-start=\"1377\" data-end=\"1397\">\n<p data-start=\"1379\" data-end=\"1397\">H\u00f3a \u0111\u01a1n b\u00e1n h\u00e0ng<\/p>\n<\/li>\n<li data-start=\"1398\" data-end=\"1419\">\n<p data-start=\"1400\" data-end=\"1419\">\u0110\u01a1n \u0111\u1eb7t h\u00e0ng (PO)<\/p>\n<\/li>\n<li data-start=\"1420\" data-end=\"1449\">\n<p data-start=\"1422\" data-end=\"1449\">Phi\u1ebfu xu\u1ea5t kho \u2013 nh\u1eadp kho<\/p>\n<\/li>\n<li data-start=\"1450\" data-end=\"1472\">\n<p data-start=\"1452\" data-end=\"1472\">Bi\u00ean b\u1ea3n giao nh\u1eadn<\/p>\n<\/li>\n<li data-start=\"1473\" data-end=\"1502\">\n<p data-start=\"1475\" data-end=\"1502\">H\u1ee3p \u0111\u1ed3ng, bi\u1ec3u m\u1eabu n\u1ed9i b\u1ed9<\/p>\n<\/li>\n<li data-start=\"1503\" data-end=\"1553\">\n<p data-start=\"1505\" data-end=\"1553\">Phi\u1ebfu b\u1ea3o h\u00e0nh, phi\u1ebfu ki\u1ec3m tra ch\u1ea5t l\u01b0\u1ee3ng (QC)<\/p>\n<\/li>\n<\/ul>\n<p data-start=\"1555\" data-end=\"1694\">M\u1ed7i lo\u1ea1i bi\u1ec3u m\u1eabu s\u1ebd \u0111\u01b0\u1ee3c thi\u1ebft k\u1ebf b\u1ed1 c\u1ee5c ph\u00f9 h\u1ee3p v\u1edbi m\u1ee5c \u0111\u00edch s\u1eed d\u1ee5ng, gi\u00fap ng\u01b0\u1eddi d\u00f9ng ghi ch\u00e9p nhanh, d\u1ec5 \u0111\u1ecdc v\u00e0 \u0111\u00fang quy tr\u00ecnh nghi\u1ec7p v\u1ee5.<\/p>\n<hr data-start=\"1696\" data-end=\"1699\" \/>\n<h2 data-start=\"1701\" data-end=\"1740\">Ch\u1ea5t li\u1ec7u gi\u1ea5y in h\u00f3a \u0111\u01a1n \u2013 bi\u1ec3u m\u1eabu<\/h2>\n<h3 data-start=\"1741\" data-end=\"1756\">Gi\u1ea5y Ford<\/h3>\n<p data-start=\"1757\" data-end=\"2057\">Gi\u1ea5y Ford l\u00e0 lo\u1ea1i gi\u1ea5y kh\u00f4ng tr\u00e1ng ph\u1ee7, b\u1ec1 m\u1eb7t nh\u00e1m nh\u1eb9, d\u1ec5 vi\u1ebft tay, d\u1ec5 k\u00fd v\u00e0 \u0111\u00f3ng d\u1ea5u. \u0110\u00e2y l\u00e0 l\u1ef1a ch\u1ecdn ph\u1ed5 bi\u1ebfn cho bi\u1ec3u m\u1eabu 1 li\u00ean, t\u00e0i li\u1ec7u n\u1ed9i b\u1ed9 ho\u1eb7c c\u00e1c m\u1eabu c\u1ea7n ghi ch\u00e9p th\u01b0\u1eddng xuy\u00ean. \u01afu \u0111i\u1ec3m l\u00e0 gi\u00e1 th\u00e0nh h\u1ee3p l\u00fd, in s\u1ed1 l\u01b0\u1ee3ng l\u1edbn ti\u1ebft ki\u1ec7m chi ph\u00ed v\u00e0 s\u1eed d\u1ee5ng linh ho\u1ea1t trong v\u1eadn h\u00e0nh h\u00e0ng ng\u00e0y.<\/p>\n<h3 data-start=\"2059\" data-end=\"2104\">Gi\u1ea5y Carbonless (gi\u1ea5y t\u1ef1 in nhi\u1ec1u li\u00ean)<\/h3>\n<p data-start=\"2105\" data-end=\"2451\">Gi\u1ea5y Carbonless chuy\u00ean d\u00f9ng cho h\u00f3a \u0111\u01a1n 2 li\u00ean, 3 li\u00ean ho\u1eb7c nhi\u1ec1u li\u00ean m\u00e0 kh\u00f4ng c\u1ea7n gi\u1ea5y than. Khi vi\u1ebft ho\u1eb7c in l\u00ean li\u00ean \u0111\u1ea7u, n\u1ed9i dung s\u1ebd t\u1ef1 in xu\u1ed1ng c\u00e1c li\u00ean d\u01b0\u1edbi, \u0111\u1ea3m b\u1ea3o th\u00f4ng tin \u0111\u1ed3ng nh\u1ea5t, s\u1ea1ch s\u1ebd v\u00e0 chuy\u00ean nghi\u1ec7p. Lo\u1ea1i gi\u1ea5y n\u00e0y \u0111\u1eb7c bi\u1ec7t ph\u00f9 h\u1ee3p cho doanh nghi\u1ec7p b\u00e1n h\u00e0ng, kho v\u1eadn, k\u1ebf to\u00e1n ho\u1eb7c h\u1ec7 th\u1ed1ng ph\u00e2n ph\u1ed1i c\u1ea7n l\u01b0u nhi\u1ec1u b\u1ea3n ch\u1ee9ng t\u1eeb.<\/p>\n<p data-start=\"2453\" data-end=\"2576\">Vi\u1ec7c l\u1ef1a ch\u1ecdn \u0111\u00fang ch\u1ea5t li\u1ec7u gi\u1ea5y theo m\u1ee5c \u0111\u00edch s\u1eed d\u1ee5ng s\u1ebd gi\u00fap t\u1ed1i \u01b0u chi ph\u00ed in \u1ea5n v\u00e0 n\u00e2ng cao hi\u1ec7u qu\u1ea3 v\u1eadn h\u00e0nh l\u00e2u d\u00e0i.<\/p>\n<p data-start=\"2453\" data-end=\"2576\"><img loading=\"lazy\" decoding=\"async\" class=\" wp-image-2407 aligncenter\" src=\"https:\/\/kopack.site\/wp-content\/uploads\/2026\/02\/dich-vu-nhan-in-phieu-bien-nhan-giat-ui-gia-re-voi-moi-so-luong-2-426x400.jpg\" alt=\"\" width=\"560\" height=\"526\" srcset=\"https:\/\/kopack.site\/wp-content\/uploads\/2026\/02\/dich-vu-nhan-in-phieu-bien-nhan-giat-ui-gia-re-voi-moi-so-luong-2-426x400.jpg 426w, https:\/\/kopack.site\/wp-content\/uploads\/2026\/02\/dich-vu-nhan-in-phieu-bien-nhan-giat-ui-gia-re-voi-moi-so-luong-2-852x800.jpg 852w, https:\/\/kopack.site\/wp-content\/uploads\/2026\/02\/dich-vu-nhan-in-phieu-bien-nhan-giat-ui-gia-re-voi-moi-so-luong-2-768x722.jpg 768w, https:\/\/kopack.site\/wp-content\/uploads\/2026\/02\/dich-vu-nhan-in-phieu-bien-nhan-giat-ui-gia-re-voi-moi-so-luong-2-510x479.jpg 510w, https:\/\/kopack.site\/wp-content\/uploads\/2026\/02\/dich-vu-nhan-in-phieu-bien-nhan-giat-ui-gia-re-voi-moi-so-luong-2.jpg 1024w\" sizes=\"auto, (max-width: 560px) 100vw, 560px\" \/><\/p>\n<hr data-start=\"2578\" data-end=\"2581\" \/>\n<h2 data-start=\"2583\" data-end=\"2628\">Quy c\u00e1ch in h\u00f3a \u0111\u01a1n \u2013 bi\u1ec3u m\u1eabu t\u1ea1i Ko\u2019Pack<\/h2>\n<p data-start=\"2629\" data-end=\"2766\">Ko\u2019Pack tri\u1ec3n khai in h\u00f3a \u0111\u01a1n \u2013 bi\u1ec3u m\u1eabu theo h\u01b0\u1edbng th\u1ef1c t\u1ebf s\u1eed d\u1ee5ng, \u01b0u ti\u00ean t\u00ednh r\u00f5 r\u00e0ng, d\u1ec5 ghi ch\u00e9p v\u00e0 ph\u00f9 h\u1ee3p quy tr\u00ecnh doanh nghi\u1ec7p:<\/p>\n<ul data-start=\"2767\" data-end=\"3074\">\n<li data-start=\"2767\" data-end=\"2821\">\n<p data-start=\"2769\" data-end=\"2821\">In 1 m\u00e0u ho\u1eb7c nhi\u1ec1u m\u00e0u theo nh\u1eadn di\u1ec7n th\u01b0\u01a1ng hi\u1ec7u<\/p>\n<\/li>\n<li data-start=\"2822\" data-end=\"2870\">\n<p data-start=\"2824\" data-end=\"2870\">Gi\u1ea5y Ford 70\u2013100gsm ho\u1eb7c Carbonless 2\u20133 li\u00ean<\/p>\n<\/li>\n<li data-start=\"2871\" data-end=\"2930\">\n<p data-start=\"2873\" data-end=\"2930\">K\u00edch th\u01b0\u1edbc: A4, A5, A6 ho\u1eb7c t\u00f9y ch\u1ec9nh theo form s\u1eed d\u1ee5ng<\/p>\n<\/li>\n<li data-start=\"2931\" data-end=\"2971\">\n<p data-start=\"2933\" data-end=\"2971\">\u0110\u00f3ng cu\u1ed1n 50\u2013100 t\u1edd\/cu\u1ed1n ho\u1eb7c t\u1edd r\u1eddi<\/p>\n<\/li>\n<li data-start=\"2972\" data-end=\"3023\">\n<p data-start=\"2974\" data-end=\"3023\">D\u1eadp s\u1ed1 nh\u1ea3y, d\u1eadp r\u0103ng c\u01b0a x\u00e9, \u0111\u00f3ng keo \u0111\u1ea7u cu\u1ed1n<\/p>\n<\/li>\n<li data-start=\"3024\" data-end=\"3074\">\n<p data-start=\"3026\" data-end=\"3074\">Thi\u1ebft k\u1ebf b\u1ed1 c\u1ee5c bi\u1ec3u m\u1eabu chu\u1ea9n logic nghi\u1ec7p v\u1ee5<\/p>\n<\/li>\n<\/ul>\n<hr data-start=\"3076\" data-end=\"3079\" \/>\n<h2 data-start=\"3081\" data-end=\"3132\"><img loading=\"lazy\" decoding=\"async\" class=\" wp-image-2408 aligncenter\" src=\"https:\/\/kopack.site\/wp-content\/uploads\/2026\/02\/xuong-in-phieu-chi-gia-re-in-phieu-chi-so-luong-it-2-400x400.png\" alt=\"\" width=\"473\" height=\"473\" srcset=\"https:\/\/kopack.site\/wp-content\/uploads\/2026\/02\/xuong-in-phieu-chi-gia-re-in-phieu-chi-so-luong-it-2-400x400.png 400w, https:\/\/kopack.site\/wp-content\/uploads\/2026\/02\/xuong-in-phieu-chi-gia-re-in-phieu-chi-so-luong-it-2-800x800.png 800w, https:\/\/kopack.site\/wp-content\/uploads\/2026\/02\/xuong-in-phieu-chi-gia-re-in-phieu-chi-so-luong-it-2-280x280.png 280w, https:\/\/kopack.site\/wp-content\/uploads\/2026\/02\/xuong-in-phieu-chi-gia-re-in-phieu-chi-so-luong-it-2-768x768.png 768w, https:\/\/kopack.site\/wp-content\/uploads\/2026\/02\/xuong-in-phieu-chi-gia-re-in-phieu-chi-so-luong-it-2-247x247.png 247w, https:\/\/kopack.site\/wp-content\/uploads\/2026\/02\/xuong-in-phieu-chi-gia-re-in-phieu-chi-so-luong-it-2-510x510.png 510w, https:\/\/kopack.site\/wp-content\/uploads\/2026\/02\/xuong-in-phieu-chi-gia-re-in-phieu-chi-so-luong-it-2-100x100.png 100w, https:\/\/kopack.site\/wp-content\/uploads\/2026\/02\/xuong-in-phieu-chi-gia-re-in-phieu-chi-so-luong-it-2.png 1024w\" sizes=\"auto, (max-width: 473px) 100vw, 473px\" \/><\/h2>\n<h2 data-start=\"3081\" data-end=\"3132\">L\u1ee3i \u00edch khi in h\u00f3a \u0111\u01a1n \u2013 bi\u1ec3u m\u1eabu chu\u1ea9n h\u1ec7 th\u1ed1ng<\/h2>\n<p data-start=\"3133\" data-end=\"3221\">M\u1ed9t b\u1ed9 bi\u1ec3u m\u1eabu \u0111\u01b0\u1ee3c chu\u1ea9n h\u00f3a kh\u00f4ng ch\u1ec9 \u0111\u1eb9p m\u00e0 c\u00f2n gi\u00fap doanh nghi\u1ec7p v\u1eadn h\u00e0nh tr\u01a1n tru:<\/p>\n<ul data-start=\"3222\" data-end=\"3477\">\n<li data-start=\"3222\" data-end=\"3269\">\n<p data-start=\"3224\" data-end=\"3269\">Gi\u1ea3m sai s\u00f3t khi ghi ch\u00e9p v\u00e0 x\u1eed l\u00fd \u0111\u01a1n h\u00e0ng<\/p>\n<\/li>\n<li data-start=\"3270\" data-end=\"3329\">\n<p data-start=\"3272\" data-end=\"3329\">T\u0103ng t\u1ed1c \u0111\u1ed9 l\u00e0m vi\u1ec7c c\u1ee7a b\u1ed9 ph\u1eadn b\u00e1n h\u00e0ng, kho, k\u1ebf to\u00e1n<\/p>\n<\/li>\n<li data-start=\"3330\" data-end=\"3385\">\n<p data-start=\"3332\" data-end=\"3385\">\u0110\u1ed3ng b\u1ed9 nh\u1eadn di\u1ec7n th\u01b0\u01a1ng hi\u1ec7u tr\u00ean to\u00e0n b\u1ed9 ch\u1ee9ng t\u1eeb<\/p>\n<\/li>\n<li data-start=\"3386\" data-end=\"3430\">\n<p data-start=\"3388\" data-end=\"3430\">D\u1ec5 ki\u1ec3m so\u00e1t chi ph\u00ed v\u00e0 d\u1eef li\u1ec7u v\u1eadn h\u00e0nh<\/p>\n<\/li>\n<li data-start=\"3431\" data-end=\"3477\">\n<p data-start=\"3433\" data-end=\"3477\">Ph\u00f9 h\u1ee3p l\u01b0u tr\u1eef d\u00e0i h\u1ea1n v\u00e0 ki\u1ec3m tra n\u1ed9i b\u1ed9<\/p>\n<\/li>\n<\/ul>\n<hr data-start=\"3479\" data-end=\"3482\" \/>\n<h2 data-start=\"3484\" data-end=\"3504\">\u0110\u1ed1i t\u01b0\u1ee3ng ph\u00f9 h\u1ee3p<\/h2>\n<ul data-start=\"3505\" data-end=\"3678\">\n<li data-start=\"3505\" data-end=\"3541\">\n<p data-start=\"3507\" data-end=\"3541\">Doanh nghi\u1ec7p s\u1ea3n xu\u1ea5t &amp; gia c\u00f4ng<\/p>\n<\/li>\n<li data-start=\"3542\" data-end=\"3569\">\n<p data-start=\"3544\" data-end=\"3569\">C\u1eeda h\u00e0ng b\u00e1n l\u1ebb, b\u00e1n s\u1ec9<\/p>\n<\/li>\n<li data-start=\"3570\" data-end=\"3592\">\n<p data-start=\"3572\" data-end=\"3592\">Logistics, kho v\u1eadn<\/p>\n<\/li>\n<li data-start=\"3593\" data-end=\"3622\">\n<p data-start=\"3595\" data-end=\"3622\">C\u00f4ng ty d\u1ecbch v\u1ee5, k\u1ef9 thu\u1eadt<\/p>\n<\/li>\n<li data-start=\"3623\" data-end=\"3678\">\n<p data-start=\"3625\" data-end=\"3678\">Doanh nghi\u1ec7p c\u1ea7n chu\u1ea9n h\u00f3a h\u1ec7 th\u1ed1ng bi\u1ec3u m\u1eabu n\u1ed9i b\u1ed9<\/p>\n<\/li>\n<\/ul>\n<hr data-start=\"3680\" data-end=\"3683\" \/>\n<h2 data-start=\"3685\" data-end=\"3708\">Cam k\u1ebft t\u1eeb Ko\u2019Pack<\/h2>\n<p data-start=\"3709\" data-end=\"3923\">Ko\u2019Pack kh\u00f4ng ch\u1ec9 in \u1ea5n \u0111\u01a1n thu\u1ea7n m\u00e0 c\u00f2n t\u01b0 duy theo g\u00f3c nh\u00ecn v\u1eadn h\u00e0nh th\u1ef1c t\u1ebf. M\u1ed7i m\u1eabu h\u00f3a \u0111\u01a1n \u2013 bi\u1ec3u m\u1eabu \u0111\u01b0\u1ee3c t\u1ed1i \u01b0u b\u1ed1 c\u1ee5c, quy c\u00e1ch v\u00e0 ch\u1ea5t li\u1ec7u \u0111\u1ec3 s\u1eed d\u1ee5ng l\u00e2u d\u00e0i, d\u1ec5 qu\u1ea3n l\u00fd v\u00e0 ti\u1ebft ki\u1ec7m chi ph\u00ed in l\u1eb7p l\u1ea1i.<\/p>\n<p data-start=\"3925\" data-end=\"4021\" data-is-last-node=\"\" data-is-only-node=\"\">Gi\u1ea3i ph\u00e1p h\u01b0\u1edbng \u0111\u1ebfn: r\u00f5 r\u00e0ng \u2013 chu\u1ea9n quy tr\u00ecnh \u2013 t\u1ed1i \u01b0u chi ph\u00ed \u2013 ph\u00f9 h\u1ee3p h\u1ec7 th\u1ed1ng doanh nghi\u1ec7p.<\/p>\n","protected":false},"excerpt":{"rendered":"<ul data-start=\"2767\" data-end=\"3074\">\n<li data-start=\"2767\" data-end=\"2821\">\n<p data-start=\"2769\" data-end=\"2821\">In 1 m\u00e0u ho\u1eb7c nhi\u1ec1u m\u00e0u theo nh\u1eadn di\u1ec7n th\u01b0\u01a1ng hi\u1ec7u<\/p>\n<\/li>\n<li data-start=\"2822\" data-end=\"2870\">\n<p data-start=\"2824\" data-end=\"2870\">Gi\u1ea5y Ford 70\u2013100gsm ho\u1eb7c Carbonless 2\u20133 li\u00ean<\/p>\n<\/li>\n<li data-start=\"2871\" data-end=\"2930\">\n<p data-start=\"2873\" data-end=\"2930\">K\u00edch th\u01b0\u1edbc: A4, A5, A6 ho\u1eb7c t\u00f9y ch\u1ec9nh theo form s\u1eed d\u1ee5ng<\/p>\n<\/li>\n<\/ul>\n<div class=\"row\"  id=\"row-393676987\">\n  \n\t<div id=\"col-935911410\" class=\"col medium-6 small-12 large-6\"  >\n\t\t\t\t<div class=\"col-inner\"  >\n\t\t\t\n\t\t\t\n    <a href=\"tel:0333180683\" class=\"button primary is-is-outline is-medium expand\"  >\n    <span>G\u1ecdi T\u01b0 V\u1ea5n<\/span>\n  <\/a>\n\n  \t\t<\/div>\n\t\t\t\t\t<\/div>\n\n\t\n  \n\t<div id=\"col-586814134\" class=\"col medium-6 small-12 large-6\"  >\n\t\t\t\t<div class=\"col-inner\"  >\n\t\t\t\n\t\t\t\n    <a href=\"https:\/\/id.zalo.me\/account\/login?continue=http%3A%2F%2Fzalo.me%2F0333180683\" class=\"button success is-medium expand\"  >\n    <span>Li\u00ean H\u1ec7 Zalo<\/span>\n  <i class=\"icon-phone\" aria-hidden=\"true\" ><\/i><\/a>\n\n  \t\t<\/div>\n\t\t\t\t\t<\/div>\n\n\t\n<\/div>\n","protected":false},"featured_media":2409,"template":"","meta":[],"product_brand":[],"product_cat":[133],"product_tag":[],"class_list":{"0":"post-2403","1":"product","2":"type-product","3":"status-publish","4":"has-post-thumbnail","6":"product_cat-hoa-don-bieu-mau","8":"first","9":"instock","10":"shipping-taxable","11":"product-type-simple"},"jetpack_sharing_enabled":true,"_links":{"self":[{"href":"https:\/\/kopack.site\/index.php?rest_route=\/wp\/v2\/product\/2403","targetHints":{"allow":["GET"]}}],"collection":[{"href":"https:\/\/kopack.site\/index.php?rest_route=\/wp\/v2\/product"}],"about":[{"href":"https:\/\/kopack.site\/index.php?rest_route=\/wp\/v2\/types\/product"}],"wp:featuredmedia":[{"embeddable":true,"href":"https:\/\/kopack.site\/index.php?rest_route=\/wp\/v2\/media\/2409"}],"wp:attachment":[{"href":"https:\/\/kopack.site\/index.php?rest_route=%2Fwp%2Fv2%2Fmedia&parent=2403"}],"wp:term":[{"taxonomy":"product_brand","embeddable":true,"href":"https:\/\/kopack.site\/index.php?rest_route=%2Fwp%2Fv2%2Fproduct_brand&post=2403"},{"taxonomy":"product_cat","embeddable":true,"href":"https:\/\/kopack.site\/index.php?rest_route=%2Fwp%2Fv2%2Fproduct_cat&post=2403"},{"taxonomy":"product_tag","embeddable":true,"href":"https:\/\/kopack.site\/index.php?rest_route=%2Fwp%2Fv2%2Fproduct_tag&post=2403"}],"curies":[{"name":"wp","href":"https:\/\/api.w.org\/{rel}","templated":true}]}}